{"id":6667,"date":"2024-08-31T00:34:17","date_gmt":"2024-08-31T00:34:17","guid":{"rendered":"https:\/\/kausachuntours.com\/?page_id=6667"},"modified":"2024-10-22T17:26:14","modified_gmt":"2024-10-22T17:26:14","slug":"azpitia","status":"publish","type":"page","link":"https:\/\/kausachuntours.com\/index.php\/azpitia\/","title":{"rendered":"Azpitia"},"content":{"rendered":"\t\t<div data-elementor-type=\"wp-page\" data-elementor-id=\"6667\" class=\"elementor elementor-6667\" data-elementor-post-type=\"page\">\n\t\t\t\t<div class=\"elementor-element elementor-element-53157e5f e-con-full e-flex e-con e-parent\" data-id=\"53157e5f\" data-element_type=\"container\" data-e-type=\"container\" data-settings=\"{&quot;background_background&quot;:&quot;classic&quot;}\">\n\t\t\t\t<div class=\"elementor-element elementor-element-2fa89153 elementor-widget elementor-widget-travoloshape\" data-id=\"2fa89153\" data-element_type=\"widget\" data-e-type=\"widget\" data-widget_type=\"travoloshape.default\">\n\t\t\t\t<div class=\"elementor-widget-container\">\n\t\t\t\t\t\t\t\t\t\t<div class=\" d-none d-xl-block jump z-index-negative\">\n\t\t\t\t<img decoding=\"async\" class=\"\" src=\"https:\/\/wordpress.vecurosoft.com\/travolo\/wp-content\/uploads\/2023\/11\/Lines.png\" >\n\t\t\t<\/div>\n\t\t        \t\t\t\t<\/div>\n\t\t\t\t<\/div>\n\t\t\t\t<div class=\"elementor-element elementor-element-29b0fa58 elementor-widget elementor-widget-travoloshape\" data-id=\"29b0fa58\" data-element_type=\"widget\" data-e-type=\"widget\" data-widget_type=\"travoloshape.default\">\n\t\t\t\t<div class=\"elementor-widget-container\">\n\t\t\t\t\t\t\t\t\t\t<div class=\" d-none d-xl-block jump z-index-negative\">\n\t\t\t\t<img decoding=\"async\" class=\"\" src=\"https:\/\/wordpress.vecurosoft.com\/travolo\/wp-content\/uploads\/2023\/11\/up-arrow.png\" >\n\t\t\t<\/div>\n\t\t        \t\t\t\t<\/div>\n\t\t\t\t<\/div>\n\t\t\t\t<div class=\"elementor-element elementor-element-7ddb341c elementor-widget elementor-widget-travoloshape\" data-id=\"7ddb341c\" data-element_type=\"widget\" data-e-type=\"widget\" data-widget_type=\"travoloshape.default\">\n\t\t\t\t<div class=\"elementor-widget-container\">\n\t\t\t\t\t\t\t\t\t\t<div class=\" d-none d-xl-block jump z-index-negative\">\n\t\t\t\t<img decoding=\"async\" class=\"plane2\" src=\"https:\/\/wordpress.vecurosoft.com\/travolo\/wp-content\/uploads\/2023\/11\/plane2.png\" >\n\t\t\t<\/div>\n\t\t        \t\t\t\t<\/div>\n\t\t\t\t<\/div>\n\t\t\t\t<div class=\"elementor-element elementor-element-93d9d4d elementor-widget elementor-widget-travoloshape\" data-id=\"93d9d4d\" data-element_type=\"widget\" data-e-type=\"widget\" data-widget_type=\"travoloshape.default\">\n\t\t\t\t<div class=\"elementor-widget-container\">\n\t\t\t\t\t\t\t\t\t\t<div class=\" d-none d-xl-block shape-mockup ripple-animation z-index-negative\">\n\t\t\t\t<img decoding=\"async\" class=\"\" src=\"https:\/\/wordpress.vecurosoft.com\/travolo\/wp-content\/uploads\/2023\/11\/Ballon.png\" >\n\t\t\t<\/div>\n\t\t        \t\t\t\t<\/div>\n\t\t\t\t<\/div>\n\t\t<div class=\"elementor-element elementor-element-71273d59 e-flex e-con-boxed e-con e-child\" data-id=\"71273d59\" data-element_type=\"container\" data-e-type=\"container\">\n\t\t\t\t\t<div class=\"e-con-inner\">\n\t\t<div class=\"elementor-element elementor-element-40ab2ae9 e-con-full e-flex e-con e-child\" data-id=\"40ab2ae9\" data-element_type=\"container\" data-e-type=\"container\">\n\t\t\t\t<div class=\"elementor-element elementor-element-6659ca71 elementor-widget elementor-widget-travolosectiontitle\" data-id=\"6659ca71\" data-element_type=\"widget\" data-e-type=\"widget\" data-widget_type=\"travolosectiontitle.default\">\n\t\t\t\t<div class=\"elementor-widget-container\">\n\t\t\t\t\t<!-- Section Title --><div class=\"title-area\" ><span class=\"sec-subtitle\">Maravilla de Sud-Am\u00e9rica\n<\/span><h1 class=\"sec-title title-selector\">Disfrutemos Un Rico Almuerzo en Azpitia\n<\/h1><p class=\"sec-text\">A 80 Km. Al sur de Lima. Conocido tambi\u00e9n como El Balc\u00f3n del Cielo por la magn\u00edfica vista que ofrece del valle del r\u00edo Mala, San Vicente de Azpitia se ha convertido en uno de los refugios ideales para los fines de semana.<br><br>\nIngresaremos por el desvio a San Antonio de Mala, primero visitaremos el pueblo de Santa Cruz de Flores, peque\u00f1o y pintoresco poblado que est\u00e1 ubicado entre San Antonio y Azpitia. La actividad principal es la elaboraci\u00f3n de vinos y piscos caseros. Otra caracter\u00edstica, y de all\u00ed el nombre, es la existencia de numerosas cruces colocadas en las cimas de los cerros aleda\u00f1os. Haremos un catatour de vinos y piscos artesanales, continuando con nuestro recorrido los que gusten de las caminatas aprovecharemos de subir a la cima del mirador para observar el valle del rio Mala, conocido tambi\u00e9n como el Valle de los Dinosaurios dormidos, as\u00ed por las formas de los cerros.<br><br>\nContinuando llegaremos a Azpitia, donde podremos almorzar en el restaurante \u201cEl Punto\u201d, posteriormente, haremos una caminata hasta el r\u00edo.\nTiempo libre para hacer compras, a hora indicada iniciaremos retorno a Lima.<br><br>\nHora aproximada de llegada a Lima 18:30<\/p><\/div><!-- End Section Title -->\t\t\t\t<\/div>\n\t\t\t\t<\/div>\n\t\t\t\t<\/div>\n\t\t<div class=\"elementor-element elementor-element-2abc6e7a e-flex e-con-boxed e-con e-child\" data-id=\"2abc6e7a\" data-element_type=\"container\" data-e-type=\"container\">\n\t\t\t\t\t<div class=\"e-con-inner\">\n\t\t\t\t<div class=\"elementor-element elementor-element-40f778af elementor-widget elementor-widget-travoloimagebox\" data-id=\"40f778af\" data-element_type=\"widget\" data-e-type=\"widget\" data-widget_type=\"travoloimagebox.default\">\n\t\t\t\t<div class=\"elementor-widget-container\">\n\t\t\t\t\t        <div class=\"img-box3\">\n            <img decoding=\"async\" src=\"https:\/\/kausachuntours.com\/wp-content\/uploads\/2024\/08\/h_azpitia_kausachum.jpg\" alt=\"about image\"  class=\"img1\" \/>        <div class=\"bottom-img\">\n                    <img decoding=\"async\" src=\"https:\/\/kausachuntours.com\/wp-content\/uploads\/2024\/08\/h_azpitia2_kausachum.jpg\" alt=\"about image\"  class=\"img2\" \/>                            <img decoding=\"async\" src=\"https:\/\/kausachuntours.com\/wp-content\/uploads\/2024\/08\/h_azpitia3_kausachum.jpg\" alt=\"about image\"  class=\"img3\" \/>            <\/div>\n<\/div>\t\t\t\t\t<\/div>\n\t\t\t\t<\/div>\n\t\t\t\t\t<\/div>\n\t\t\t\t<\/div>\n\t\t\t\t\t<\/div>\n\t\t\t\t<\/div>\n\t\t\t\t<\/div>\n\t\t\t\t<\/div>\n\t\t","protected":false},"excerpt":{"rendered":"<p>Maravilla de Sud-Am\u00e9rica Disfrutemos Un Rico Almuerzo en Azpitia A 80 Km. Al sur de Lima. Conocido tambi\u00e9n como El Balc\u00f3n del Cielo por la magn\u00edfica vista que ofrece del valle del r\u00edo Mala, San Vicente de Azpitia se ha convertido en uno de los refugios ideales para los fines de semana. Ingresaremos por el&#8230;<\/p>\n","protected":false},"author":1,"featured_media":7151,"parent":0,"menu_order":0,"comment_status":"closed","ping_status":"closed","template":"","meta":{"postBodyCss":"","postBodyMargin":[],"postBodyPadding":[],"postBodyBackground":{"backgroundType":"classic","gradient":""},"footnotes":""},"class_list":["post-6667","page","type-page","status-publish","has-post-thumbnail","hentry"],"_links":{"self":[{"href":"https:\/\/kausachuntours.com\/index.php\/wp-json\/wp\/v2\/pages\/6667","targetHints":{"allow":["GET"]}}],"collection":[{"href":"https:\/\/kausachuntours.com\/index.php\/wp-json\/wp\/v2\/pages"}],"about":[{"href":"https:\/\/kausachuntours.com\/index.php\/wp-json\/wp\/v2\/types\/page"}],"author":[{"embeddable":true,"href":"https:\/\/kausachuntours.com\/index.php\/wp-json\/wp\/v2\/users\/1"}],"replies":[{"embeddable":true,"href":"https:\/\/kausachuntours.com\/index.php\/wp-json\/wp\/v2\/comments?post=6667"}],"version-history":[{"count":10,"href":"https:\/\/kausachuntours.com\/index.php\/wp-json\/wp\/v2\/pages\/6667\/revisions"}],"predecessor-version":[{"id":6744,"href":"https:\/\/kausachuntours.com\/index.php\/wp-json\/wp\/v2\/pages\/6667\/revisions\/6744"}],"wp:featuredmedia":[{"embeddable":true,"href":"https:\/\/kausachuntours.com\/index.php\/wp-json\/wp\/v2\/media\/7151"}],"wp:attachment":[{"href":"https:\/\/kausachuntours.com\/index.php\/wp-json\/wp\/v2\/media?parent=6667"}],"curies":[{"name":"wp","href":"https:\/\/api.w.org\/{rel}","templated":true}]}}