{"id":7013,"date":"2024-09-03T20:50:45","date_gmt":"2024-09-03T20:50:45","guid":{"rendered":"https:\/\/kausachuntours.com\/?page_id=7013"},"modified":"2024-09-03T20:55:27","modified_gmt":"2024-09-03T20:55:27","slug":"tramite-de-visas","status":"publish","type":"page","link":"https:\/\/kausachuntours.com\/index.php\/tramite-de-visas\/","title":{"rendered":"Tramite de Visas"},"content":{"rendered":"\t\t<div data-elementor-type=\"wp-page\" data-elementor-id=\"7013\" class=\"elementor elementor-7013\" data-elementor-post-type=\"page\">\n\t\t\t\t<div class=\"elementor-element elementor-element-1335849 e-flex e-con-boxed e-con e-parent\" data-id=\"1335849\" data-element_type=\"container\" data-e-type=\"container\">\n\t\t\t\t\t<div class=\"e-con-inner\">\n\t\t<div class=\"elementor-element elementor-element-709dc87 e-con-full e-flex e-con e-child\" data-id=\"709dc87\" data-element_type=\"container\" data-e-type=\"container\" data-settings=\"{&quot;background_background&quot;:&quot;classic&quot;}\">\n\t\t\t\t<div class=\"elementor-element elementor-element-a18f2d8 elementor-widget elementor-widget-travolovideobox\" data-id=\"a18f2d8\" data-element_type=\"widget\" data-e-type=\"widget\" data-widget_type=\"travolovideobox.default\">\n\t\t\t\t<div class=\"elementor-widget-container\">\n\t\t\t\t\t\n\n\t\t    <a href=\"https:\/\/www.youtube.com\/watch?v=mGOHmzV6WtU\" class=\"play-btn style2 popup-video\">\r\n        <i class=\"fas fa-play\"><\/i>\r\n    <\/a>\r\n\t\t\t\t\t<\/div>\n\t\t\t\t<\/div>\n\t\t\t\t<div class=\"elementor-element elementor-element-66ac476 elementor-widget elementor-widget-travolosectiontitle\" data-id=\"66ac476\" data-element_type=\"widget\" data-e-type=\"widget\" data-widget_type=\"travolosectiontitle.default\">\n\t\t\t\t<div class=\"elementor-widget-container\">\n\t\t\t\t\t<!-- Section Title --><div class=\"title-area\" ><span class=\"sec-subtitle\">Tu visa lista sin complicaciones, para un viaje sin estr\u00e9s.<\/span><h2 class=\"sec-title title-selector\">Facilitamos el proceso para que obtengas tu visa sin complicaciones. Viaja seguro y con todo en regla<\/h2><\/div><!-- End Section Title -->\t\t\t\t<\/div>\n\t\t\t\t<\/div>\n\t\t\t\t<\/div>\n\t\t\t\t\t<\/div>\n\t\t\t\t<\/div>\n\t\t<div class=\"elementor-element elementor-element-b246102 e-con-full e-flex e-con e-parent\" data-id=\"b246102\" data-element_type=\"container\" data-e-type=\"container\">\n\t\t<div class=\"elementor-element elementor-element-95c37c8 e-con-full e-flex e-con e-child\" data-id=\"95c37c8\" data-element_type=\"container\" data-e-type=\"container\">\n\t\t<div class=\"elementor-element elementor-element-33eb702 e-con-full e-flex e-con e-child\" data-id=\"33eb702\" data-element_type=\"container\" data-e-type=\"container\">\n\t\t\t\t<div class=\"elementor-element elementor-element-bf59f43 elementor-widget elementor-widget-image\" data-id=\"bf59f43\" data-element_type=\"widget\" data-e-type=\"widget\" data-widget_type=\"image.default\">\n\t\t\t\t<div class=\"elementor-widget-container\">\n\t\t\t\t\t\t\t\t\t\t\t\t\t\t\t<img fetchpriority=\"high\" decoding=\"async\" width=\"1280\" height=\"853\" src=\"https:\/\/kausachuntours.com\/wp-content\/uploads\/2024\/09\/pexels-nurseryart-346798.jpg\" class=\"attachment-full size-full wp-image-7023\" alt=\"\" srcset=\"https:\/\/kausachuntours.com\/wp-content\/uploads\/2024\/09\/pexels-nurseryart-346798.jpg 1280w, https:\/\/kausachuntours.com\/wp-content\/uploads\/2024\/09\/pexels-nurseryart-346798-600x400.jpg 600w, https:\/\/kausachuntours.com\/wp-content\/uploads\/2024\/09\/pexels-nurseryart-346798-300x200.jpg 300w, https:\/\/kausachuntours.com\/wp-content\/uploads\/2024\/09\/pexels-nurseryart-346798-1024x682.jpg 1024w, https:\/\/kausachuntours.com\/wp-content\/uploads\/2024\/09\/pexels-nurseryart-346798-768x512.jpg 768w\" sizes=\"(max-width: 1280px) 100vw, 1280px\" \/>\t\t\t\t\t\t\t\t\t\t\t\t\t\t\t<\/div>\n\t\t\t\t<\/div>\n\t\t\t\t<\/div>\n\t\t<div class=\"elementor-element elementor-element-1b2ac32 e-con-full e-flex e-con e-child\" data-id=\"1b2ac32\" data-element_type=\"container\" data-e-type=\"container\" data-settings=\"{&quot;background_background&quot;:&quot;classic&quot;}\">\n\t\t\t\t<div class=\"elementor-element elementor-element-3647df2 elementor-widget__width-initial elementor-widget-tablet__width-inherit elementor-widget elementor-widget-travolosectiontitle\" data-id=\"3647df2\" data-element_type=\"widget\" data-e-type=\"widget\" data-widget_type=\"travolosectiontitle.default\">\n\t\t\t\t<div class=\"elementor-widget-container\">\n\t\t\t\t\t<!-- Section Title --><div class=\"title-area\" ><span class=\"sec-subtitle\">Beneficios Kausachun Tours<\/span><h2 class=\"sec-title title-selector\">\u00bfPor Qu\u00e9 Elegir Nuestra Agencia?<\/h2><p class=\"sec-text\">Hacemos que el proceso de obtener tu visa sea simple y libre de estr\u00e9s. Con nosotros, tendr\u00e1s todo en regla para que puedas viajar con confianza y disfrutar de tu aventura sin preocupaciones. Nos encargamos de los detalles, para que t\u00fa solo te enfoques en disfrutar el viaje<\/p><\/div><!-- End Section Title -->\t\t\t\t<\/div>\n\t\t\t\t<\/div>\n\t\t<div class=\"elementor-element elementor-element-2c0b660 e-con-full e-flex e-con e-child\" data-id=\"2c0b660\" data-element_type=\"container\" data-e-type=\"container\">\n\t\t\t\t<div class=\"elementor-element elementor-element-5a114c8 elementor-widget elementor-widget-image\" data-id=\"5a114c8\" data-element_type=\"widget\" data-e-type=\"widget\" data-widget_type=\"image.default\">\n\t\t\t\t<div class=\"elementor-widget-container\">\n\t\t\t\t\t\t\t\t\t\t\t\t\t\t\t<img decoding=\"async\" width=\"72\" height=\"72\" src=\"https:\/\/kausachuntours.com\/wp-content\/uploads\/2024\/04\/icon-1.svg\" class=\"attachment-full size-full wp-image-5605\" alt=\"\" \/>\t\t\t\t\t\t\t\t\t\t\t\t\t\t\t<\/div>\n\t\t\t\t<\/div>\n\t\t\t\t<div class=\"elementor-element elementor-element-51794a4 elementor-widget__width-initial elementor-widget-tablet__width-inherit elementor-widget elementor-widget-travolosectiontitle\" data-id=\"51794a4\" data-element_type=\"widget\" data-e-type=\"widget\" data-widget_type=\"travolosectiontitle.default\">\n\t\t\t\t<div class=\"elementor-widget-container\">\n\t\t\t\t\t<!-- Section Title --><div class=\"title-area\" ><span class=\"sec-subtitle\">Mejor precio garantizado<\/span><p class=\"sec-text\">No solo te facilitamos la obtenci\u00f3n de tu visa, tambi\u00e9n te aseguramos los mejores precios en tus boletos de avi\u00f3n y alojamiento. Todo lo que necesitas para tu viaje, en un solo lugar.<\/p><\/div><!-- End Section Title -->\t\t\t\t<\/div>\n\t\t\t\t<\/div>\n\t\t\t\t<\/div>\n\t\t<div class=\"elementor-element elementor-element-72fc92f e-con-full e-flex e-con e-child\" data-id=\"72fc92f\" data-element_type=\"container\" data-e-type=\"container\">\n\t\t\t\t<div class=\"elementor-element elementor-element-eef6099 elementor-widget elementor-widget-image\" data-id=\"eef6099\" data-element_type=\"widget\" data-e-type=\"widget\" data-widget_type=\"image.default\">\n\t\t\t\t<div class=\"elementor-widget-container\">\n\t\t\t\t\t\t\t\t\t\t\t\t\t\t\t<img decoding=\"async\" width=\"72\" height=\"72\" src=\"https:\/\/kausachuntours.com\/wp-content\/uploads\/2024\/04\/icon-2.svg\" class=\"attachment-full size-full wp-image-5603\" alt=\"\" \/>\t\t\t\t\t\t\t\t\t\t\t\t\t\t\t<\/div>\n\t\t\t\t<\/div>\n\t\t\t\t<div class=\"elementor-element elementor-element-6d16773 elementor-widget__width-initial elementor-widget-tablet__width-inherit elementor-widget elementor-widget-travolosectiontitle\" data-id=\"6d16773\" data-element_type=\"widget\" data-e-type=\"widget\" data-widget_type=\"travolosectiontitle.default\">\n\t\t\t\t<div class=\"elementor-widget-container\">\n\t\t\t\t\t<!-- Section Title --><div class=\"title-area\" ><span class=\"sec-subtitle\">Reservas f\u00e1ciles y r\u00e1pidas<\/span><p class=\"sec-text\">Desde la reserva de vuelos hasta la gesti\u00f3n de tu visa, hacemos que cada paso sea simple y r\u00e1pido. Planifica tu viaje con facilidad y prep\u00e1rate para una experiencia inolvidable.<\/p><\/div><!-- End Section Title -->\t\t\t\t<\/div>\n\t\t\t\t<\/div>\n\t\t\t\t<\/div>\n\t\t<div class=\"elementor-element elementor-element-296f6a2 e-con-full e-flex e-con e-child\" data-id=\"296f6a2\" data-element_type=\"container\" data-e-type=\"container\">\n\t\t\t\t<div class=\"elementor-element elementor-element-461e480 elementor-widget elementor-widget-image\" data-id=\"461e480\" data-element_type=\"widget\" data-e-type=\"widget\" data-widget_type=\"image.default\">\n\t\t\t\t<div class=\"elementor-widget-container\">\n\t\t\t\t\t\t\t\t\t\t\t\t\t\t\t<img loading=\"lazy\" decoding=\"async\" width=\"72\" height=\"72\" src=\"https:\/\/kausachuntours.com\/wp-content\/uploads\/2024\/04\/icon-3.svg\" class=\"attachment-full size-full wp-image-5604\" alt=\"\" \/>\t\t\t\t\t\t\t\t\t\t\t\t\t\t\t<\/div>\n\t\t\t\t<\/div>\n\t\t\t\t<div class=\"elementor-element elementor-element-67830c1 elementor-widget__width-initial elementor-widget-tablet__width-inherit elementor-widget elementor-widget-travolosectiontitle\" data-id=\"67830c1\" data-element_type=\"widget\" data-e-type=\"widget\" data-widget_type=\"travolosectiontitle.default\">\n\t\t\t\t<div class=\"elementor-widget-container\">\n\t\t\t\t\t<!-- Section Title --><div class=\"title-area\" ><span class=\"sec-subtitle\">Gu\u00edas experimentados<\/span><p class=\"sec-text\">Explora destinos incre\u00edbles con nuestros tours guiados, donde nos encargamos de todo, incluida tu visa. Viaja tranquilo, sabiendo que cada detalle ha sido cuidado para ti.<\/p><\/div><!-- End Section Title -->\t\t\t\t<\/div>\n\t\t\t\t<\/div>\n\t\t\t\t<\/div>\n\t\t\t\t<\/div>\n\t\t\t\t<\/div>\n\t\t<div class=\"elementor-element elementor-element-938beb6 e-flex e-con-boxed e-con e-child\" data-id=\"938beb6\" data-element_type=\"container\" data-e-type=\"container\">\n\t\t\t\t\t<div class=\"e-con-inner\">\n\t\t<div class=\"elementor-element elementor-element-5efcd35 e-flex e-con-boxed e-con e-child\" data-id=\"5efcd35\" data-element_type=\"container\" data-e-type=\"container\">\n\t\t\t\t\t<div class=\"e-con-inner\">\n\t\t\t\t<div class=\"elementor-element elementor-element-df10522 elementor-widget elementor-widget-travolosectiontitle\" data-id=\"df10522\" data-element_type=\"widget\" data-e-type=\"widget\" data-widget_type=\"travolosectiontitle.default\">\n\t\t\t\t<div class=\"elementor-widget-container\">\n\t\t\t\t\t<!-- Section Title --><div class=\"title-area\" ><span class=\"sec-subtitle\">Siga Nuestras Novedades En Nuestro Blog<\/span><h1 class=\"sec-title title-selector\">Art\u00edculos &amp; Noticias<\/h1><\/div><!-- End Section Title -->\t\t\t\t<\/div>\n\t\t\t\t<\/div>\n\t\t\t\t\t<\/div>\n\t\t\t\t<\/div>\n\t\t<div class=\"elementor-element elementor-element-3763256 e-flex e-con-boxed e-con e-child\" data-id=\"3763256\" data-element_type=\"container\" data-e-type=\"container\">\n\t\t\t\t\t<div class=\"e-con-inner\">\n\t\t\t\t<div class=\"elementor-element elementor-element-833150d elementor-widget elementor-widget-travoloblogpost\" data-id=\"833150d\" data-element_type=\"widget\" data-e-type=\"widget\" data-widget_type=\"travoloblogpost.default\">\n\t\t\t\t<div class=\"elementor-widget-container\">\n\t\t\t\t\t<!-- blog Area --><section class=\"vs-blog-wrapper\"><div class=\"row blog-carousel\" data-slide-to-show=\"3\"><div class=\"col-xl-4\"><div class=\"vs-blog blog-style6\"><div class=\"blog-content\"><div class=\"blog-body\"><div class=\"blog-top\"><a class=\"blog-meta\" href=\"https:\/\/kausachuntours.com\/index.php\/author\/kausachunt\/\"><svg width=\"17\" height=\"17\" viewBox=\"0 0 17 17\" fill=\"none\" xmlns=\"http:\/\/www.w3.org\/2000\/svg\"><path fill-rule=\"evenodd\" clip-rule=\"evenodd\" d=\"M17 8.5C17 13.1944 13.1944 17 8.5 17C3.80558 17 0 13.1944 0 8.5C0 3.80558 3.80558 0 8.5 0C13.1944 0 17 3.80558 17 8.5ZM11.05 5.95C11.05 7.35837 9.90837 8.5 8.5 8.5C7.09164 8.5 5.95 7.35837 5.95 5.95C5.95 4.54168 7.09164 3.4 8.5 3.4C9.90837 3.4 11.05 4.54168 11.05 5.95ZM8.5 15.725C10.0164 15.725 11.4237 15.2578 12.5859 14.4595C13.0992 14.1069 13.3185 13.4353 13.0201 12.8887C12.4015 11.7558 11.1267 11.05 8.49992 11.05C5.87324 11.05 4.59847 11.7557 3.97982 12.8887C3.68139 13.4353 3.90073 14.1069 4.41402 14.4594C5.57615 15.2578 6.98352 15.725 8.5 15.725Z\" fill=\"#37D4D9\"><\/path><\/svg>by kausachun<\/a><a class=\"blog-meta\" href=\"https:\/\/kausachuntours.com\/index.php\/2026\/03\/24\/nos-fuimos-al-paraiso\/#respond\"><svg width=\"23\" height=\"16\" viewBox=\"0 0 23 16\" fill=\"none\" xmlns=\"http:\/\/www.w3.org\/2000\/svg\"><path d=\"M16.8107 6.13925C16.8107 2.74862 13.0468 0 8.40535 0C3.76388 0 0 2.74862 0 6.13925C0 8.17692 1.3592 9.98219 3.4515 11.0988C3.44548 11.1166 1.78462 14.0825 1.78462 14.0825C1.78462 14.0825 6.85619 12.184 6.87023 12.1761C7.36789 12.2437 7.88094 12.2778 8.40535 12.2778C13.0468 12.2778 16.8107 9.52923 16.8107 6.13925ZM23 8.05744C23 4.66746 19.4569 1.94313 15.6214 1.91884C21.1197 7.29397 14.6441 13.021 9.36656 13.021C9.36656 13.021 9.95318 14.196 14.5947 14.196C15.1184 14.196 15.6321 14.1606 16.1298 14.0936C16.1438 14.1028 21.2161 16 21.2161 16C21.2161 16 19.5545 13.0348 19.5492 13.017C21.6408 11.9004 23 10.0944 23 8.05744Z\" fill=\"#37D4D9\"><\/path><\/svg>0 Comments<\/a><\/div><h2 class=\"blog-title h4\"><a href=\"https:\/\/kausachuntours.com\/index.php\/2026\/03\/24\/nos-fuimos-al-paraiso\/\">\u00a1Nos fuimos al para\u00edso!<\/a><\/h2><p class=\"blog-text\">Vivimos una incre\u00edble salida junto a nuestros pasajeros rumbo a la<\/p><div class=\"blog-bottom\"><a href=\"https:\/\/kausachuntours.com\/index.php\/2026\/03\/24\/nos-fuimos-al-paraiso\/\" class=\"\"><\/a><a class=\"blog-date\" href=\"https:\/\/kausachuntours.com\/index.php\/2026\/03\/24\/\"><span>24<\/span>Mar<\/a><\/div><\/div><\/div><\/div><\/div><div class=\"col-xl-4\"><div class=\"vs-blog blog-style6\"><div class=\"blog-content\"><div class=\"blog-body\"><div class=\"blog-top\"><a class=\"blog-meta\" href=\"https:\/\/kausachuntours.com\/index.php\/author\/kausachunt\/\"><svg width=\"17\" height=\"17\" viewBox=\"0 0 17 17\" fill=\"none\" xmlns=\"http:\/\/www.w3.org\/2000\/svg\"><path fill-rule=\"evenodd\" clip-rule=\"evenodd\" d=\"M17 8.5C17 13.1944 13.1944 17 8.5 17C3.80558 17 0 13.1944 0 8.5C0 3.80558 3.80558 0 8.5 0C13.1944 0 17 3.80558 17 8.5ZM11.05 5.95C11.05 7.35837 9.90837 8.5 8.5 8.5C7.09164 8.5 5.95 7.35837 5.95 5.95C5.95 4.54168 7.09164 3.4 8.5 3.4C9.90837 3.4 11.05 4.54168 11.05 5.95ZM8.5 15.725C10.0164 15.725 11.4237 15.2578 12.5859 14.4595C13.0992 14.1069 13.3185 13.4353 13.0201 12.8887C12.4015 11.7558 11.1267 11.05 8.49992 11.05C5.87324 11.05 4.59847 11.7557 3.97982 12.8887C3.68139 13.4353 3.90073 14.1069 4.41402 14.4594C5.57615 15.2578 6.98352 15.725 8.5 15.725Z\" fill=\"#37D4D9\"><\/path><\/svg>by kausachun<\/a><a class=\"blog-meta\" href=\"https:\/\/kausachuntours.com\/index.php\/2026\/02\/22\/un-dia-en-que-se-queda-en-el-corazon\/#respond\"><svg width=\"23\" height=\"16\" viewBox=\"0 0 23 16\" fill=\"none\" xmlns=\"http:\/\/www.w3.org\/2000\/svg\"><path d=\"M16.8107 6.13925C16.8107 2.74862 13.0468 0 8.40535 0C3.76388 0 0 2.74862 0 6.13925C0 8.17692 1.3592 9.98219 3.4515 11.0988C3.44548 11.1166 1.78462 14.0825 1.78462 14.0825C1.78462 14.0825 6.85619 12.184 6.87023 12.1761C7.36789 12.2437 7.88094 12.2778 8.40535 12.2778C13.0468 12.2778 16.8107 9.52923 16.8107 6.13925ZM23 8.05744C23 4.66746 19.4569 1.94313 15.6214 1.91884C21.1197 7.29397 14.6441 13.021 9.36656 13.021C9.36656 13.021 9.95318 14.196 14.5947 14.196C15.1184 14.196 15.6321 14.1606 16.1298 14.0936C16.1438 14.1028 21.2161 16 21.2161 16C21.2161 16 19.5545 13.0348 19.5492 13.017C21.6408 11.9004 23 10.0944 23 8.05744Z\" fill=\"#37D4D9\"><\/path><\/svg>0 Comments<\/a><\/div><h2 class=\"blog-title h4\"><a href=\"https:\/\/kausachuntours.com\/index.php\/2026\/02\/22\/un-dia-en-que-se-queda-en-el-corazon\/\">Un dia en que se queda<\/a><\/h2><p class=\"blog-text\">Vivimos una salida profundamente especial a la Playa El Para\u00edso, con<\/p><div class=\"blog-bottom\"><a href=\"https:\/\/kausachuntours.com\/index.php\/2026\/02\/22\/un-dia-en-que-se-queda-en-el-corazon\/\" class=\"\"><\/a><a class=\"blog-date\" href=\"https:\/\/kausachuntours.com\/index.php\/2026\/02\/22\/\"><span>22<\/span>Feb<\/a><\/div><\/div><\/div><\/div><\/div><div class=\"col-xl-4\"><div class=\"vs-blog blog-style6\"><div class=\"blog-content\"><div class=\"blog-body\"><div class=\"blog-top\"><a class=\"blog-meta\" href=\"https:\/\/kausachuntours.com\/index.php\/author\/kausachunt\/\"><svg width=\"17\" height=\"17\" viewBox=\"0 0 17 17\" fill=\"none\" xmlns=\"http:\/\/www.w3.org\/2000\/svg\"><path fill-rule=\"evenodd\" clip-rule=\"evenodd\" d=\"M17 8.5C17 13.1944 13.1944 17 8.5 17C3.80558 17 0 13.1944 0 8.5C0 3.80558 3.80558 0 8.5 0C13.1944 0 17 3.80558 17 8.5ZM11.05 5.95C11.05 7.35837 9.90837 8.5 8.5 8.5C7.09164 8.5 5.95 7.35837 5.95 5.95C5.95 4.54168 7.09164 3.4 8.5 3.4C9.90837 3.4 11.05 4.54168 11.05 5.95ZM8.5 15.725C10.0164 15.725 11.4237 15.2578 12.5859 14.4595C13.0992 14.1069 13.3185 13.4353 13.0201 12.8887C12.4015 11.7558 11.1267 11.05 8.49992 11.05C5.87324 11.05 4.59847 11.7557 3.97982 12.8887C3.68139 13.4353 3.90073 14.1069 4.41402 14.4594C5.57615 15.2578 6.98352 15.725 8.5 15.725Z\" fill=\"#37D4D9\"><\/path><\/svg>by kausachun<\/a><a class=\"blog-meta\" href=\"https:\/\/kausachuntours.com\/index.php\/2025\/12\/14\/machu-picchu-vuelve-a-liderar-el-turismo-mundial-tras-ser-elegida-la-principal-atraccion-turistica-del-planeta-en-2025\/#respond\"><svg width=\"23\" height=\"16\" viewBox=\"0 0 23 16\" fill=\"none\" xmlns=\"http:\/\/www.w3.org\/2000\/svg\"><path d=\"M16.8107 6.13925C16.8107 2.74862 13.0468 0 8.40535 0C3.76388 0 0 2.74862 0 6.13925C0 8.17692 1.3592 9.98219 3.4515 11.0988C3.44548 11.1166 1.78462 14.0825 1.78462 14.0825C1.78462 14.0825 6.85619 12.184 6.87023 12.1761C7.36789 12.2437 7.88094 12.2778 8.40535 12.2778C13.0468 12.2778 16.8107 9.52923 16.8107 6.13925ZM23 8.05744C23 4.66746 19.4569 1.94313 15.6214 1.91884C21.1197 7.29397 14.6441 13.021 9.36656 13.021C9.36656 13.021 9.95318 14.196 14.5947 14.196C15.1184 14.196 15.6321 14.1606 16.1298 14.0936C16.1438 14.1028 21.2161 16 21.2161 16C21.2161 16 19.5545 13.0348 19.5492 13.017C21.6408 11.9004 23 10.0944 23 8.05744Z\" fill=\"#37D4D9\"><\/path><\/svg>0 Comments<\/a><\/div><h2 class=\"blog-title h4\"><a href=\"https:\/\/kausachuntours.com\/index.php\/2025\/12\/14\/machu-picchu-vuelve-a-liderar-el-turismo-mundial-tras-ser-elegida-la-principal-atraccion-turistica-del-planeta-en-2025\/\">Machu Picchu vuelve a liderar el<\/a><\/h2><p class=\"blog-text\">La ciudadela inca fue distinguida por los World Travel Awards, superando<\/p><div class=\"blog-bottom\"><a href=\"https:\/\/kausachuntours.com\/index.php\/2025\/12\/14\/machu-picchu-vuelve-a-liderar-el-turismo-mundial-tras-ser-elegida-la-principal-atraccion-turistica-del-planeta-en-2025\/\" class=\"\"><\/a><a class=\"blog-date\" href=\"https:\/\/kausachuntours.com\/index.php\/2025\/12\/14\/\"><span>14<\/span>Dic<\/a><\/div><\/div><\/div><\/div><\/div><div class=\"col-xl-4\"><div class=\"vs-blog blog-style6\"><div class=\"blog-content\"><div class=\"blog-body\"><div class=\"blog-top\"><a class=\"blog-meta\" href=\"https:\/\/kausachuntours.com\/index.php\/author\/kausachunt\/\"><svg width=\"17\" height=\"17\" viewBox=\"0 0 17 17\" fill=\"none\" xmlns=\"http:\/\/www.w3.org\/2000\/svg\"><path fill-rule=\"evenodd\" clip-rule=\"evenodd\" d=\"M17 8.5C17 13.1944 13.1944 17 8.5 17C3.80558 17 0 13.1944 0 8.5C0 3.80558 3.80558 0 8.5 0C13.1944 0 17 3.80558 17 8.5ZM11.05 5.95C11.05 7.35837 9.90837 8.5 8.5 8.5C7.09164 8.5 5.95 7.35837 5.95 5.95C5.95 4.54168 7.09164 3.4 8.5 3.4C9.90837 3.4 11.05 4.54168 11.05 5.95ZM8.5 15.725C10.0164 15.725 11.4237 15.2578 12.5859 14.4595C13.0992 14.1069 13.3185 13.4353 13.0201 12.8887C12.4015 11.7558 11.1267 11.05 8.49992 11.05C5.87324 11.05 4.59847 11.7557 3.97982 12.8887C3.68139 13.4353 3.90073 14.1069 4.41402 14.4594C5.57615 15.2578 6.98352 15.725 8.5 15.725Z\" fill=\"#37D4D9\"><\/path><\/svg>by kausachun<\/a><a class=\"blog-meta\" href=\"https:\/\/kausachuntours.com\/index.php\/2025\/10\/26\/los-caminos-del-inca-a-machu-picchu-entre-las-10-rutas-de-senderismo-mas-lindas-del-mundo\/#respond\"><svg width=\"23\" height=\"16\" viewBox=\"0 0 23 16\" fill=\"none\" xmlns=\"http:\/\/www.w3.org\/2000\/svg\"><path d=\"M16.8107 6.13925C16.8107 2.74862 13.0468 0 8.40535 0C3.76388 0 0 2.74862 0 6.13925C0 8.17692 1.3592 9.98219 3.4515 11.0988C3.44548 11.1166 1.78462 14.0825 1.78462 14.0825C1.78462 14.0825 6.85619 12.184 6.87023 12.1761C7.36789 12.2437 7.88094 12.2778 8.40535 12.2778C13.0468 12.2778 16.8107 9.52923 16.8107 6.13925ZM23 8.05744C23 4.66746 19.4569 1.94313 15.6214 1.91884C21.1197 7.29397 14.6441 13.021 9.36656 13.021C9.36656 13.021 9.95318 14.196 14.5947 14.196C15.1184 14.196 15.6321 14.1606 16.1298 14.0936C16.1438 14.1028 21.2161 16 21.2161 16C21.2161 16 19.5545 13.0348 19.5492 13.017C21.6408 11.9004 23 10.0944 23 8.05744Z\" fill=\"#37D4D9\"><\/path><\/svg>0 Comments<\/a><\/div><h2 class=\"blog-title h4\"><a href=\"https:\/\/kausachuntours.com\/index.php\/2025\/10\/26\/los-caminos-del-inca-a-machu-picchu-entre-las-10-rutas-de-senderismo-mas-lindas-del-mundo\/\">Los Caminos del Inca a Machu<\/a><\/h2><p class=\"blog-text\">Esta caminata es considerada en esta lista junto a V\u00eda Licia,<\/p><div class=\"blog-bottom\"><a href=\"https:\/\/kausachuntours.com\/index.php\/2025\/10\/26\/los-caminos-del-inca-a-machu-picchu-entre-las-10-rutas-de-senderismo-mas-lindas-del-mundo\/\" class=\"\"><\/a><a class=\"blog-date\" href=\"https:\/\/kausachuntours.com\/index.php\/2025\/10\/26\/\"><span>26<\/span>Oct<\/a><\/div><\/div><\/div><\/div><\/div><div class=\"col-xl-4\"><div class=\"vs-blog blog-style6\"><div class=\"blog-content\"><div class=\"blog-body\"><div class=\"blog-top\"><a class=\"blog-meta\" href=\"https:\/\/kausachuntours.com\/index.php\/author\/kausachunt\/\"><svg width=\"17\" height=\"17\" viewBox=\"0 0 17 17\" fill=\"none\" xmlns=\"http:\/\/www.w3.org\/2000\/svg\"><path fill-rule=\"evenodd\" clip-rule=\"evenodd\" d=\"M17 8.5C17 13.1944 13.1944 17 8.5 17C3.80558 17 0 13.1944 0 8.5C0 3.80558 3.80558 0 8.5 0C13.1944 0 17 3.80558 17 8.5ZM11.05 5.95C11.05 7.35837 9.90837 8.5 8.5 8.5C7.09164 8.5 5.95 7.35837 5.95 5.95C5.95 4.54168 7.09164 3.4 8.5 3.4C9.90837 3.4 11.05 4.54168 11.05 5.95ZM8.5 15.725C10.0164 15.725 11.4237 15.2578 12.5859 14.4595C13.0992 14.1069 13.3185 13.4353 13.0201 12.8887C12.4015 11.7558 11.1267 11.05 8.49992 11.05C5.87324 11.05 4.59847 11.7557 3.97982 12.8887C3.68139 13.4353 3.90073 14.1069 4.41402 14.4594C5.57615 15.2578 6.98352 15.725 8.5 15.725Z\" fill=\"#37D4D9\"><\/path><\/svg>by kausachun<\/a><a class=\"blog-meta\" href=\"https:\/\/kausachuntours.com\/index.php\/2025\/10\/22\/estos-son-los-mejores-destinos-del-mundo-para-visitar-en-2026-segun-lonely-planet-hay-uno-espanol-entre-los-cinco-primeros\/#respond\"><svg width=\"23\" height=\"16\" viewBox=\"0 0 23 16\" fill=\"none\" xmlns=\"http:\/\/www.w3.org\/2000\/svg\"><path d=\"M16.8107 6.13925C16.8107 2.74862 13.0468 0 8.40535 0C3.76388 0 0 2.74862 0 6.13925C0 8.17692 1.3592 9.98219 3.4515 11.0988C3.44548 11.1166 1.78462 14.0825 1.78462 14.0825C1.78462 14.0825 6.85619 12.184 6.87023 12.1761C7.36789 12.2437 7.88094 12.2778 8.40535 12.2778C13.0468 12.2778 16.8107 9.52923 16.8107 6.13925ZM23 8.05744C23 4.66746 19.4569 1.94313 15.6214 1.91884C21.1197 7.29397 14.6441 13.021 9.36656 13.021C9.36656 13.021 9.95318 14.196 14.5947 14.196C15.1184 14.196 15.6321 14.1606 16.1298 14.0936C16.1438 14.1028 21.2161 16 21.2161 16C21.2161 16 19.5545 13.0348 19.5492 13.017C21.6408 11.9004 23 10.0944 23 8.05744Z\" fill=\"#37D4D9\"><\/path><\/svg>0 Comments<\/a><\/div><h2 class=\"blog-title h4\"><a href=\"https:\/\/kausachuntours.com\/index.php\/2025\/10\/22\/estos-son-los-mejores-destinos-del-mundo-para-visitar-en-2026-segun-lonely-planet-hay-uno-espanol-entre-los-cinco-primeros\/\">Estos son los mejores destinos del<\/a><\/h2><p class=\"blog-text\">Como cada a\u00f1o, la prestigiosa gu\u00eda de viajes selecciona a 25<\/p><div class=\"blog-bottom\"><a href=\"https:\/\/kausachuntours.com\/index.php\/2025\/10\/22\/estos-son-los-mejores-destinos-del-mundo-para-visitar-en-2026-segun-lonely-planet-hay-uno-espanol-entre-los-cinco-primeros\/\" class=\"\"><\/a><a class=\"blog-date\" href=\"https:\/\/kausachuntours.com\/index.php\/2025\/10\/22\/\"><span>22<\/span>Oct<\/a><\/div><\/div><\/div><\/div><\/div><\/div><!-- .row END --><\/section><!-- blog Area end -->\t\t\t\t<\/div>\n\t\t\t\t<\/div>\n\t\t\t\t\t<\/div>\n\t\t\t\t<\/div>\n\t\t\t\t\t<\/div>\n\t\t\t\t<\/div>\n\t\t\t\t<\/div>\n\t\t\t\t<\/div>\n\t\t","protected":false},"excerpt":{"rendered":"<p>Tu visa lista sin complicaciones, para un viaje sin estr\u00e9s. Facilitamos el proceso para que obtengas tu visa sin complicaciones. Viaja seguro y con todo en regla Beneficios Kausachun Tours \u00bfPor Qu\u00e9 Elegir Nuestra Agencia? Hacemos que el proceso de obtener tu visa sea simple y libre de estr\u00e9s. Con nosotros, tendr\u00e1s todo en regla&#8230;<\/p>\n","protected":false},"author":1,"featured_media":0,"parent":0,"menu_order":0,"comment_status":"closed","ping_status":"closed","template":"","meta":{"postBodyCss":"","postBodyMargin":[],"postBodyPadding":[],"postBodyBackground":{"backgroundType":"classic","gradient":""},"footnotes":""},"class_list":["post-7013","page","type-page","status-publish","hentry","vs-blog blog-single"],"_links":{"self":[{"href":"https:\/\/kausachuntours.com\/index.php\/wp-json\/wp\/v2\/pages\/7013","targetHints":{"allow":["GET"]}}],"collection":[{"href":"https:\/\/kausachuntours.com\/index.php\/wp-json\/wp\/v2\/pages"}],"about":[{"href":"https:\/\/kausachuntours.com\/index.php\/wp-json\/wp\/v2\/types\/page"}],"author":[{"embeddable":true,"href":"https:\/\/kausachuntours.com\/index.php\/wp-json\/wp\/v2\/users\/1"}],"replies":[{"embeddable":true,"href":"https:\/\/kausachuntours.com\/index.php\/wp-json\/wp\/v2\/comments?post=7013"}],"version-history":[{"count":10,"href":"https:\/\/kausachuntours.com\/index.php\/wp-json\/wp\/v2\/pages\/7013\/revisions"}],"predecessor-version":[{"id":7026,"href":"https:\/\/kausachuntours.com\/index.php\/wp-json\/wp\/v2\/pages\/7013\/revisions\/7026"}],"wp:attachment":[{"href":"https:\/\/kausachuntours.com\/index.php\/wp-json\/wp\/v2\/media?parent=7013"}],"curies":[{"name":"wp","href":"https:\/\/api.w.org\/{rel}","templated":true}]}}