{"id":7050,"date":"2024-09-03T21:40:16","date_gmt":"2024-09-03T21:40:16","guid":{"rendered":"https:\/\/kausachuntours.com\/?page_id=7050"},"modified":"2024-09-09T23:56:52","modified_gmt":"2024-09-09T23:56:52","slug":"privado","status":"publish","type":"page","link":"https:\/\/kausachuntours.com\/index.php\/privado\/","title":{"rendered":"PRIVADO"},"content":{"rendered":"\t\t<div data-elementor-type=\"wp-page\" data-elementor-id=\"7050\" class=\"elementor elementor-7050\" data-elementor-post-type=\"page\">\n\t\t\t\t<div class=\"elementor-element elementor-element-c06b8a4 e-con-full e-flex e-con e-parent\" data-id=\"c06b8a4\" data-element_type=\"container\" data-e-type=\"container\">\n\t\t<div class=\"elementor-element elementor-element-da684a0 e-con-full e-flex e-con e-child\" data-id=\"da684a0\" data-element_type=\"container\" data-e-type=\"container\">\n\t\t<div class=\"elementor-element elementor-element-28a6306 e-con-full e-flex e-con e-child\" data-id=\"28a6306\" data-element_type=\"container\" data-e-type=\"container\">\n\t\t\t\t<div class=\"elementor-element elementor-element-f47a420 elementor-widget elementor-widget-image\" data-id=\"f47a420\" data-element_type=\"widget\" data-e-type=\"widget\" data-widget_type=\"image.default\">\n\t\t\t\t<div class=\"elementor-widget-container\">\n\t\t\t\t\t\t\t\t\t\t\t\t\t\t\t<img fetchpriority=\"high\" decoding=\"async\" width=\"905\" height=\"748\" src=\"https:\/\/kausachuntours.com\/wp-content\/uploads\/2024\/04\/b-4-1.jpg\" class=\"attachment-full size-full wp-image-5568\" alt=\"\" srcset=\"https:\/\/kausachuntours.com\/wp-content\/uploads\/2024\/04\/b-4-1.jpg 905w, https:\/\/kausachuntours.com\/wp-content\/uploads\/2024\/04\/b-4-1-600x496.jpg 600w, https:\/\/kausachuntours.com\/wp-content\/uploads\/2024\/04\/b-4-1-300x248.jpg 300w, https:\/\/kausachuntours.com\/wp-content\/uploads\/2024\/04\/b-4-1-768x635.jpg 768w\" sizes=\"(max-width: 905px) 100vw, 905px\" \/>\t\t\t\t\t\t\t\t\t\t\t\t\t\t\t<\/div>\n\t\t\t\t<\/div>\n\t\t\t\t<\/div>\n\t\t<div class=\"elementor-element elementor-element-8c7aa6a e-con-full e-flex e-con e-child\" data-id=\"8c7aa6a\" data-element_type=\"container\" data-e-type=\"container\" data-settings=\"{&quot;background_background&quot;:&quot;classic&quot;}\">\n\t\t\t\t<div class=\"elementor-element elementor-element-7260d41 elementor-widget__width-initial elementor-widget-tablet__width-inherit elementor-widget elementor-widget-travolosectiontitle\" data-id=\"7260d41\" data-element_type=\"widget\" data-e-type=\"widget\" data-widget_type=\"travolosectiontitle.default\">\n\t\t\t\t<div class=\"elementor-widget-container\">\n\t\t\t\t\t<!-- Section Title --><div class=\"title-area\" ><span class=\"sec-subtitle\">Transporte Privado Exclusivo<\/span><h2 class=\"sec-title title-selector\">Viaja con total comodidad y privacidad, a tu ritmo y con un servicio personalizado<\/h2><p class=\"sec-text\">Disfruta de un transporte exclusivo y a tu medida con nuestro servicio privado. Ideal para quienes buscan privacidad, flexibilidad y un trato personalizado durante su viaje. Te llevamos a donde necesites, en el momento que prefieras, con la m\u00e1xima comodidad y discreci\u00f3n.<\/p><\/div><!-- End Section Title -->\t\t\t\t<\/div>\n\t\t\t\t<\/div>\n\t\t<div class=\"elementor-element elementor-element-efda482 e-con-full e-flex e-con e-child\" data-id=\"efda482\" data-element_type=\"container\" data-e-type=\"container\">\n\t\t\t\t<div class=\"elementor-element elementor-element-2fcc9e0 elementor-widget__width-initial elementor-widget elementor-widget-image\" data-id=\"2fcc9e0\" data-element_type=\"widget\" data-e-type=\"widget\" data-widget_type=\"image.default\">\n\t\t\t\t<div class=\"elementor-widget-container\">\n\t\t\t\t\t\t\t\t\t\t\t\t\t\t\t<img decoding=\"async\" width=\"72\" height=\"72\" src=\"https:\/\/kausachuntours.com\/wp-content\/uploads\/2024\/04\/icon-3.svg\" class=\"attachment-full size-full wp-image-5604\" alt=\"\" \/>\t\t\t\t\t\t\t\t\t\t\t\t\t\t\t<\/div>\n\t\t\t\t<\/div>\n\t\t\t\t<div class=\"elementor-element elementor-element-9ba8456 elementor-widget__width-initial elementor-widget-tablet__width-inherit elementor-widget elementor-widget-travolosectiontitle\" data-id=\"9ba8456\" data-element_type=\"widget\" data-e-type=\"widget\" data-widget_type=\"travolosectiontitle.default\">\n\t\t\t\t<div class=\"elementor-widget-container\">\n\t\t\t\t\t<!-- Section Title --><div class=\"title-area\" ><span class=\"sec-subtitle\">Conductor Personal<\/span><p class=\"sec-text\">Un conductor profesional y experimentado estar\u00e1 a tu disposici\u00f3n, garantizando un servicio discreto y adaptado a tus necesidades.<\/p><\/div><!-- End Section Title -->\t\t\t\t<\/div>\n\t\t\t\t<\/div>\n\t\t\t\t<\/div>\n\t\t<div class=\"elementor-element elementor-element-31cd96d e-con-full e-flex e-con e-child\" data-id=\"31cd96d\" data-element_type=\"container\" data-e-type=\"container\">\n\t\t\t\t<div class=\"elementor-element elementor-element-bb44702 elementor-widget__width-initial elementor-widget elementor-widget-image\" data-id=\"bb44702\" data-element_type=\"widget\" data-e-type=\"widget\" data-widget_type=\"image.default\">\n\t\t\t\t<div class=\"elementor-widget-container\">\n\t\t\t\t\t\t\t\t\t\t\t\t\t\t\t<img decoding=\"async\" width=\"72\" height=\"72\" src=\"https:\/\/kausachuntours.com\/wp-content\/uploads\/2024\/04\/icon-2.svg\" class=\"attachment-full size-full wp-image-5603\" alt=\"\" \/>\t\t\t\t\t\t\t\t\t\t\t\t\t\t\t<\/div>\n\t\t\t\t<\/div>\n\t\t\t\t<div class=\"elementor-element elementor-element-fd5de4e elementor-widget__width-initial elementor-widget-tablet__width-inherit elementor-widget elementor-widget-travolosectiontitle\" data-id=\"fd5de4e\" data-element_type=\"widget\" data-e-type=\"widget\" data-widget_type=\"travolosectiontitle.default\">\n\t\t\t\t<div class=\"elementor-widget-container\">\n\t\t\t\t\t<!-- Section Title --><div class=\"title-area\" ><span class=\"sec-subtitle\">Itinerarios Personalizados<\/span><p class=\"sec-text\">Planifica tu ruta seg\u00fan tus preferencias, con la libertad de cambiar planes en cualquier momento.<\/p><\/div><!-- End Section Title -->\t\t\t\t<\/div>\n\t\t\t\t<\/div>\n\t\t\t\t<\/div>\n\t\t<div class=\"elementor-element elementor-element-d050052 e-con-full e-flex e-con e-child\" data-id=\"d050052\" data-element_type=\"container\" data-e-type=\"container\">\n\t\t\t\t<div class=\"elementor-element elementor-element-c28266b elementor-widget__width-initial elementor-widget elementor-widget-image\" data-id=\"c28266b\" data-element_type=\"widget\" data-e-type=\"widget\" data-widget_type=\"image.default\">\n\t\t\t\t<div class=\"elementor-widget-container\">\n\t\t\t\t\t\t\t\t\t\t\t\t\t\t\t<img loading=\"lazy\" decoding=\"async\" width=\"72\" height=\"72\" src=\"https:\/\/kausachuntours.com\/wp-content\/uploads\/2024\/04\/icon-1.svg\" class=\"attachment-full size-full wp-image-5605\" alt=\"\" \/>\t\t\t\t\t\t\t\t\t\t\t\t\t\t\t<\/div>\n\t\t\t\t<\/div>\n\t\t\t\t<div class=\"elementor-element elementor-element-28c157a elementor-widget__width-initial elementor-widget-tablet__width-inherit elementor-widget elementor-widget-travolosectiontitle\" data-id=\"28c157a\" data-element_type=\"widget\" data-e-type=\"widget\" data-widget_type=\"travolosectiontitle.default\">\n\t\t\t\t<div class=\"elementor-widget-container\">\n\t\t\t\t\t<!-- Section Title --><div class=\"title-area\" ><span class=\"sec-subtitle\">Disponibilidad 24\/7<\/span><p class=\"sec-text\">Est\u00e9s donde est\u00e9s, nuestro servicio privado est\u00e1 disponible en cualquier momento, para que puedas moverte con total libertad.<\/p><\/div><!-- End Section Title -->\t\t\t\t<\/div>\n\t\t\t\t<\/div>\n\t\t\t\t<\/div>\n\t\t\t\t<\/div>\n\t\t\t\t<\/div>\n\t\t\t\t<\/div>\n\t\t<div class=\"elementor-element elementor-element-182a1bc e-flex e-con-boxed e-con e-parent\" data-id=\"182a1bc\" data-element_type=\"container\" data-e-type=\"container\">\n\t\t\t\t\t<div class=\"e-con-inner\">\n\t\t\t\t<div class=\"elementor-element elementor-element-9170aae elementor-widget elementor-widget-image\" data-id=\"9170aae\" data-element_type=\"widget\" data-e-type=\"widget\" data-widget_type=\"image.default\">\n\t\t\t\t<div class=\"elementor-widget-container\">\n\t\t\t\t\t\t\t\t\t\t\t\t\t\t\t<img loading=\"lazy\" decoding=\"async\" width=\"751\" height=\"423\" src=\"https:\/\/kausachuntours.com\/wp-content\/uploads\/2024\/09\/Kausachun_van-1024x577.png\" class=\"attachment-large size-large wp-image-7130\" alt=\"\" srcset=\"https:\/\/kausachuntours.com\/wp-content\/uploads\/2024\/09\/Kausachun_van-1024x577.png 1024w, https:\/\/kausachuntours.com\/wp-content\/uploads\/2024\/09\/Kausachun_van-600x338.png 600w, https:\/\/kausachuntours.com\/wp-content\/uploads\/2024\/09\/Kausachun_van-300x169.png 300w, https:\/\/kausachuntours.com\/wp-content\/uploads\/2024\/09\/Kausachun_van-768x432.png 768w, https:\/\/kausachuntours.com\/wp-content\/uploads\/2024\/09\/Kausachun_van-1536x865.png 1536w, https:\/\/kausachuntours.com\/wp-content\/uploads\/2024\/09\/Kausachun_van-2048x1153.png 2048w\" sizes=\"(max-width: 751px) 100vw, 751px\" \/>\t\t\t\t\t\t\t\t\t\t\t\t\t\t\t<\/div>\n\t\t\t\t<\/div>\n\t\t\t\t\t<\/div>\n\t\t\t\t<\/div>\n\t\t\t\t<\/div>\n\t\t","protected":false},"excerpt":{"rendered":"<p>Transporte Privado Exclusivo Viaja con total comodidad y privacidad, a tu ritmo y con un servicio personalizado Disfruta de un transporte exclusivo y a tu medida con nuestro servicio privado. Ideal para quienes buscan privacidad, flexibilidad y un trato personalizado durante su viaje. Te llevamos a donde necesites, en el momento que prefieras, con la&#8230;<\/p>\n","protected":false},"author":1,"featured_media":0,"parent":0,"menu_order":0,"comment_status":"closed","ping_status":"closed","template":"","meta":{"postBodyCss":"","postBodyMargin":[],"postBodyPadding":[],"postBodyBackground":{"backgroundType":"classic","gradient":""},"footnotes":""},"class_list":["post-7050","page","type-page","status-publish","hentry"],"_links":{"self":[{"href":"https:\/\/kausachuntours.com\/index.php\/wp-json\/wp\/v2\/pages\/7050","targetHints":{"allow":["GET"]}}],"collection":[{"href":"https:\/\/kausachuntours.com\/index.php\/wp-json\/wp\/v2\/pages"}],"about":[{"href":"https:\/\/kausachuntours.com\/index.php\/wp-json\/wp\/v2\/types\/page"}],"author":[{"embeddable":true,"href":"https:\/\/kausachuntours.com\/index.php\/wp-json\/wp\/v2\/users\/1"}],"replies":[{"embeddable":true,"href":"https:\/\/kausachuntours.com\/index.php\/wp-json\/wp\/v2\/comments?post=7050"}],"version-history":[{"count":10,"href":"https:\/\/kausachuntours.com\/index.php\/wp-json\/wp\/v2\/pages\/7050\/revisions"}],"predecessor-version":[{"id":7176,"href":"https:\/\/kausachuntours.com\/index.php\/wp-json\/wp\/v2\/pages\/7050\/revisions\/7176"}],"wp:attachment":[{"href":"https:\/\/kausachuntours.com\/index.php\/wp-json\/wp\/v2\/media?parent=7050"}],"curies":[{"name":"wp","href":"https:\/\/api.w.org\/{rel}","templated":true}]}}