{"id":7219,"date":"2024-09-12T14:05:12","date_gmt":"2024-09-12T14:05:12","guid":{"rendered":"https:\/\/kausachuntours.com\/?page_id=7219"},"modified":"2024-09-13T13:42:22","modified_gmt":"2024-09-13T13:42:22","slug":"contacto","status":"publish","type":"page","link":"https:\/\/kausachuntours.com\/index.php\/contacto\/","title":{"rendered":"Contacto"},"content":{"rendered":"\t\t<div data-elementor-type=\"wp-page\" data-elementor-id=\"7219\" class=\"elementor elementor-7219\" data-elementor-post-type=\"page\">\n\t\t\t\t<div class=\"elementor-element elementor-element-5b02e2b e-con-full e-flex e-con e-parent\" data-id=\"5b02e2b\" data-element_type=\"container\" data-e-type=\"container\" data-settings=\"{&quot;background_background&quot;:&quot;classic&quot;}\">\n\t\t<div class=\"elementor-element elementor-element-a36286e e-flex e-con-boxed e-con e-child\" data-id=\"a36286e\" data-element_type=\"container\" data-e-type=\"container\">\n\t\t\t\t\t<div class=\"e-con-inner\">\n\t\t<div class=\"elementor-element elementor-element-c5b8325 e-flex e-con-boxed e-con e-child\" data-id=\"c5b8325\" data-element_type=\"container\" data-e-type=\"container\" data-settings=\"{&quot;background_background&quot;:&quot;classic&quot;}\">\n\t\t\t\t\t<div class=\"e-con-inner\">\n\t\t<div class=\"elementor-element elementor-element-f9be56c e-con-full e-flex e-con e-child\" data-id=\"f9be56c\" data-element_type=\"container\" data-e-type=\"container\">\n\t\t\t\t<div class=\"elementor-element elementor-element-d383d79 elementor-widget elementor-widget-travolocontactbox\" data-id=\"d383d79\" data-element_type=\"widget\" data-e-type=\"widget\" data-widget_type=\"travolocontactbox.default\">\n\t\t\t\t<div class=\"elementor-widget-container\">\n\t\t\t\t\t        <div class=\"contact-box\">\n                            <div class=\"contact-box_icon\">\n                    <i class=\"fas fa-map-marked-alt\"><\/i>\n                <\/div>\n                        \n                            <h3 class=\"contact-box__title h5\">\n                    Direcci\u00f3n                <\/h3>\n            \n                            \n                <p class=\"contact-box__text\">Av. Venezuela 6191 Urb. Luis German Astete, Lima 32, Per\u00fa.<\/p>              \n                    <\/div>\n        \t\t\t\t<\/div>\n\t\t\t\t<\/div>\n\t\t\t\t<\/div>\n\t\t<div class=\"elementor-element elementor-element-2393229 e-con-full e-flex e-con e-child\" data-id=\"2393229\" data-element_type=\"container\" data-e-type=\"container\">\n\t\t\t\t<div class=\"elementor-element elementor-element-553451b elementor-widget elementor-widget-travolocontactbox\" data-id=\"553451b\" data-element_type=\"widget\" data-e-type=\"widget\" data-widget_type=\"travolocontactbox.default\">\n\t\t\t\t<div class=\"elementor-widget-container\">\n\t\t\t\t\t        <div class=\"contact-box\">\n                            <div class=\"contact-box_icon\">\n                    <i class=\"fas fa-address-card\"><\/i>\n                <\/div>\n                        \n                            <h3 class=\"contact-box__title h5\">\n                    Contactenos                <\/h3>\n            \n                            \n                <ul class=\"contact-box_list\"><li>Mobile: <a href=\"tel:998756232\">998-756-232 \/ 986-877-940<\/a><\/li><li>Tel\u00e9fono: <a href=\"123456789\">628-1818 \/ 628-1819<\/a><\/li><\/ul>              \n                    <\/div>\n        \t\t\t\t<\/div>\n\t\t\t\t<\/div>\n\t\t\t\t<\/div>\n\t\t<div class=\"elementor-element elementor-element-b4fdc2b e-con-full e-flex e-con e-child\" data-id=\"b4fdc2b\" data-element_type=\"container\" data-e-type=\"container\">\n\t\t\t\t<div class=\"elementor-element elementor-element-c529d2b elementor-widget elementor-widget-travolocontactbox\" data-id=\"c529d2b\" data-element_type=\"widget\" data-e-type=\"widget\" data-widget_type=\"travolocontactbox.default\">\n\t\t\t\t<div class=\"elementor-widget-container\">\n\t\t\t\t\t        <div class=\"contact-box\">\n                            <div class=\"contact-box_icon\">\n                    <i class=\"fas fa-clock\"><\/i>\n                <\/div>\n                        \n                            <h3 class=\"contact-box__title h5\">\n                    Horario de Oficina                <\/h3>\n            \n                            \n                <ul class=\"contact-box_list\">\n \t<li>Lunes - Viernes: 8:30 - 20:00<\/li>\n \t<li>S\u00e1bados &amp; Feriados: 9:30 - 21:30<\/li>\n<\/ul>              \n                    <\/div>\n        \t\t\t\t<\/div>\n\t\t\t\t<\/div>\n\t\t\t\t<\/div>\n\t\t\t\t\t<\/div>\n\t\t\t\t<\/div>\n\t\t\t\t\t<\/div>\n\t\t\t\t<\/div>\n\t\t\t\t<\/div>\n\t\t<div class=\"elementor-element elementor-element-d897d2b e-flex e-con-boxed e-con e-parent\" data-id=\"d897d2b\" data-element_type=\"container\" data-e-type=\"container\" data-settings=\"{&quot;background_background&quot;:&quot;classic&quot;}\">\n\t\t\t\t\t<div class=\"e-con-inner\">\n\t\t<div class=\"elementor-element elementor-element-7fe6a59 e-flex e-con-boxed e-con e-child\" data-id=\"7fe6a59\" data-element_type=\"container\" data-e-type=\"container\">\n\t\t\t\t\t<div class=\"e-con-inner\">\n\t\t\t\t<div class=\"elementor-element elementor-element-3857b7b elementor-widget elementor-widget-travolosectiontitle\" data-id=\"3857b7b\" data-element_type=\"widget\" data-e-type=\"widget\" data-widget_type=\"travolosectiontitle.default\">\n\t\t\t\t<div class=\"elementor-widget-container\">\n\t\t\t\t\t<!-- Section Title --><div class=\"title-area\" ><span class=\"sec-subtitle\">Contactenos<\/span><h1 class=\"sec-title title-selector\">Mant\u00e9ngase Comunicado<\/h1><p class=\"sec-text\">Estamos aqu\u00ed para ti en todo momento. Ya sea antes, durante o despu\u00e9s de tu viaje, nuestro equipo est\u00e1 disponible para responder tus preguntas y brindarte soporte. \u00a1Con\u00e9ctate con nosotros cuando lo necesites!<\/p><\/div><!-- End Section Title -->\t\t\t\t<\/div>\n\t\t\t\t<\/div>\n\t\t\t\t\t<\/div>\n\t\t\t\t<\/div>\n\t\t<div class=\"elementor-element elementor-element-7cef427 e-con-full e-flex e-con e-child\" data-id=\"7cef427\" data-element_type=\"container\" data-e-type=\"container\">\n\t\t\t\t<div class=\"elementor-element elementor-element-30210d3 elementor-button-align-start elementor-tablet-button-align-start elementor-widget elementor-widget-form\" data-id=\"30210d3\" data-element_type=\"widget\" data-e-type=\"widget\" data-settings=\"{&quot;step_next_label&quot;:&quot;Next&quot;,&quot;step_previous_label&quot;:&quot;Previous&quot;,&quot;step_type&quot;:&quot;number_text&quot;,&quot;step_icon_shape&quot;:&quot;circle&quot;}\" data-widget_type=\"form.default\">\n\t\t\t\t<div class=\"elementor-widget-container\">\n\t\t\t\t\t\t\t<form class=\"elementor-form\" method=\"post\" name=\"New Form\" novalidate=\"\">\n\t\t\t<input type=\"hidden\" name=\"post_id\" value=\"7219\"\/>\n\t\t\t<input type=\"hidden\" name=\"form_id\" value=\"30210d3\"\/>\n\t\t\t<input type=\"hidden\" name=\"referer_title\" value=\"\" \/>\n\n\t\t\t\n\t\t\t<div class=\"elementor-form-fields-wrapper elementor-labels-above\">\n\t\t\t\t\t\t\t\t<div class=\"elementor-field-type-text elementor-field-group elementor-column elementor-field-group-name elementor-col-50 elementor-field-required elementor-mark-required\">\n\t\t\t\t\t\t\t\t\t\t\t\t<label for=\"form-field-name\" class=\"elementor-field-label\">\n\t\t\t\t\t\t\t\tNombre\t\t\t\t\t\t\t<\/label>\n\t\t\t\t\t\t\t\t\t\t\t\t\t\t<input size=\"1\" type=\"text\" name=\"form_fields[name]\" id=\"form-field-name\" class=\"elementor-field elementor-size-md  elementor-field-textual\" required=\"required\" aria-required=\"true\">\n\t\t\t\t\t\t\t\t\t\t\t<\/div>\n\t\t\t\t\t\t\t\t<div class=\"elementor-field-type-text elementor-field-group elementor-column elementor-field-group-apellido elementor-col-50 elementor-field-required elementor-mark-required\">\n\t\t\t\t\t\t\t\t\t\t\t\t<label for=\"form-field-apellido\" class=\"elementor-field-label\">\n\t\t\t\t\t\t\t\tApellidos\t\t\t\t\t\t\t<\/label>\n\t\t\t\t\t\t\t\t\t\t\t\t\t\t<input size=\"1\" type=\"text\" name=\"form_fields[apellido]\" id=\"form-field-apellido\" class=\"elementor-field elementor-size-md  elementor-field-textual\" required=\"required\" aria-required=\"true\">\n\t\t\t\t\t\t\t\t\t\t\t<\/div>\n\t\t\t\t\t\t\t\t<div class=\"elementor-field-type-email elementor-field-group elementor-column elementor-field-group-email elementor-col-50 elementor-field-required elementor-mark-required\">\n\t\t\t\t\t\t\t\t\t\t\t\t<label for=\"form-field-email\" class=\"elementor-field-label\">\n\t\t\t\t\t\t\t\tCorreo\t\t\t\t\t\t\t<\/label>\n\t\t\t\t\t\t\t\t\t\t\t\t\t\t<input size=\"1\" type=\"email\" name=\"form_fields[email]\" id=\"form-field-email\" class=\"elementor-field elementor-size-md  elementor-field-textual\" required=\"required\" aria-required=\"true\">\n\t\t\t\t\t\t\t\t\t\t\t<\/div>\n\t\t\t\t\t\t\t\t<div class=\"elementor-field-type-text elementor-field-group elementor-column elementor-field-group-fono elementor-col-50 elementor-field-required elementor-mark-required\">\n\t\t\t\t\t\t\t\t\t\t\t\t<label for=\"form-field-fono\" class=\"elementor-field-label\">\n\t\t\t\t\t\t\t\tTelefono No\t\t\t\t\t\t\t<\/label>\n\t\t\t\t\t\t\t\t\t\t\t\t\t\t<input size=\"1\" type=\"text\" name=\"form_fields[fono]\" id=\"form-field-fono\" class=\"elementor-field elementor-size-md  elementor-field-textual\" required=\"required\" aria-required=\"true\">\n\t\t\t\t\t\t\t\t\t\t\t<\/div>\n\t\t\t\t\t\t\t\t<div class=\"elementor-field-type-text elementor-field-group elementor-column elementor-field-group-asunto elementor-col-60 elementor-field-required elementor-mark-required\">\n\t\t\t\t\t\t\t\t\t\t\t\t<label for=\"form-field-asunto\" class=\"elementor-field-label\">\n\t\t\t\t\t\t\t\tAsunto\t\t\t\t\t\t\t<\/label>\n\t\t\t\t\t\t\t\t\t\t\t\t\t\t<input size=\"1\" type=\"text\" name=\"form_fields[asunto]\" id=\"form-field-asunto\" class=\"elementor-field elementor-size-md  elementor-field-textual\" required=\"required\" aria-required=\"true\">\n\t\t\t\t\t\t\t\t\t\t\t<\/div>\n\t\t\t\t\t\t\t\t<div class=\"elementor-field-type-textarea elementor-field-group elementor-column elementor-field-group-message elementor-col-100 elementor-field-required elementor-mark-required\">\n\t\t\t\t\t\t\t\t\t\t\t\t<label for=\"form-field-message\" class=\"elementor-field-label\">\n\t\t\t\t\t\t\t\tComentario\t\t\t\t\t\t\t<\/label>\n\t\t\t\t\t\t<textarea class=\"elementor-field-textual elementor-field  elementor-size-md\" name=\"form_fields[message]\" id=\"form-field-message\" rows=\"6\" placeholder=\"Escriba un comentario\" required=\"required\" aria-required=\"true\"><\/textarea>\t\t\t\t<\/div>\n\t\t\t\t\t\t\t\t<div class=\"elementor-field-type-recaptcha_v3 elementor-field-group elementor-column elementor-field-group-field_4e15b28 elementor-col-100 recaptcha_v3-bottomright\">\n\t\t\t\t\t<div class=\"elementor-field\" id=\"form-field-field_4e15b28\"><div class=\"elementor-g-recaptcha\" data-sitekey=\"6Le2IkAqAAAAABALtyD6zv7VbA02L9LmTEfFd8RO\" data-type=\"v3\" data-action=\"Form\" data-badge=\"bottomright\" data-size=\"invisible\"><\/div><\/div>\t\t\t\t<\/div>\n\t\t\t\t\t\t\t\t<div class=\"elementor-field-group elementor-column elementor-field-type-submit elementor-col-100 e-form__buttons\">\n\t\t\t\t\t<button class=\"elementor-button elementor-size-sm\" type=\"submit\">\n\t\t\t\t\t\t<span class=\"elementor-button-content-wrapper\">\n\t\t\t\t\t\t\t\t\t\t\t\t\t\t\t<span class=\"elementor-button-icon\">\n\t\t\t\t\t\t\t\t\t<svg xmlns=\"http:\/\/www.w3.org\/2000\/svg\" width=\"43\" height=\"34\" viewBox=\"0 0 43 34\" fill=\"none\"><path fill-rule=\"evenodd\" clip-rule=\"evenodd\" d=\"M0 10.625C0 4.75698 4.75698 0 10.625 0H31.875C37.743 0 42.5 4.75698 42.5 10.625V23.375C42.5 29.243 37.743 34 31.875 34H10.625C4.75698 34 0 29.243 0 23.375V10.625ZM10.625 4.25C7.10419 4.25 4.25 7.10419 4.25 10.625V23.375C4.25 26.8959 7.10419 29.75 10.625 29.75H31.875C35.3959 29.75 38.25 26.8959 38.25 23.375V10.625C38.25 7.10419 35.3959 4.25 31.875 4.25H10.625Z\" fill=\"#37D4D9\"><\/path><path fill-rule=\"evenodd\" clip-rule=\"evenodd\" d=\"M8.96573 9.2976C9.69888 8.38117 11.0361 8.23259 11.9525 8.96573L17.2677 13.2177C19.5959 15.0805 22.9043 15.0805 25.2325 13.2177L30.5475 8.96573C31.464 8.23259 32.8013 8.38117 33.5344 9.2976C34.2675 10.214 34.119 11.5513 33.2025 12.2844L27.8874 16.5365C24.007 19.6409 18.4932 19.6409 14.6127 16.5365L9.2976 12.2844C8.38117 11.5513 8.23259 10.214 8.96573 9.2976Z\" fill=\"#FF681A\"><\/path><\/svg>\t\t\t\t\t\t\t\t\t\t\t\t\t\t\t\t\t<\/span>\n\t\t\t\t\t\t\t\t\t\t\t\t\t\t\t\t\t\t\t\t\t\t<span class=\"elementor-button-text\">ENVIAR MENSAJE<\/span>\n\t\t\t\t\t\t\t\t\t\t\t\t\t<\/span>\n\t\t\t\t\t<\/button>\n\t\t\t\t<\/div>\n\t\t\t<\/div>\n\t\t<\/form>\n\t\t\t\t\t\t<\/div>\n\t\t\t\t<\/div>\n\t\t\t\t<\/div>\n\t\t\t\t\t<\/div>\n\t\t\t\t<\/div>\n\t\t\t\t<\/div>\n\t\t","protected":false},"excerpt":{"rendered":"<p>Direcci\u00f3n Av. Venezuela 6191 Urb. Luis German Astete, Lima 32, Per\u00fa. Contactenos Mobile: 998-756-232 \/ 986-877-940 Tel\u00e9fono: 628-1818 \/ 628-1819 Horario de Oficina Lunes &#8211; Viernes: 8:30 &#8211; 20:00 S\u00e1bados &amp; Feriados: 9:30 &#8211; 21:30 Contactenos Mant\u00e9ngase Comunicado Estamos aqu\u00ed para ti en todo momento. Ya sea antes, durante o despu\u00e9s de tu viaje, nuestro&#8230;<\/p>\n","protected":false},"author":1,"featured_media":6207,"parent":0,"menu_order":0,"comment_status":"closed","ping_status":"closed","template":"elementor_theme","meta":{"postBodyCss":"","postBodyMargin":[],"postBodyPadding":[],"postBodyBackground":{"backgroundType":"classic","gradient":""},"footnotes":""},"class_list":["post-7219","page","type-page","status-publish","has-post-thumbnail","hentry"],"_links":{"self":[{"href":"https:\/\/kausachuntours.com\/index.php\/wp-json\/wp\/v2\/pages\/7219","targetHints":{"allow":["GET"]}}],"collection":[{"href":"https:\/\/kausachuntours.com\/index.php\/wp-json\/wp\/v2\/pages"}],"about":[{"href":"https:\/\/kausachuntours.com\/index.php\/wp-json\/wp\/v2\/types\/page"}],"author":[{"embeddable":true,"href":"https:\/\/kausachuntours.com\/index.php\/wp-json\/wp\/v2\/users\/1"}],"replies":[{"embeddable":true,"href":"https:\/\/kausachuntours.com\/index.php\/wp-json\/wp\/v2\/comments?post=7219"}],"version-history":[{"count":44,"href":"https:\/\/kausachuntours.com\/index.php\/wp-json\/wp\/v2\/pages\/7219\/revisions"}],"predecessor-version":[{"id":7269,"href":"https:\/\/kausachuntours.com\/index.php\/wp-json\/wp\/v2\/pages\/7219\/revisions\/7269"}],"wp:featuredmedia":[{"embeddable":true,"href":"https:\/\/kausachuntours.com\/index.php\/wp-json\/wp\/v2\/media\/6207"}],"wp:attachment":[{"href":"https:\/\/kausachuntours.com\/index.php\/wp-json\/wp\/v2\/media?parent=7219"}],"curies":[{"name":"wp","href":"https:\/\/api.w.org\/{rel}","templated":true}]}}