{"id":10741,"date":"2025-01-28T15:00:31","date_gmt":"2025-01-28T20:00:31","guid":{"rendered":"https:\/\/kausachuntours.com\/?post_type=product&#038;p=10741"},"modified":"2026-04-05T18:49:39","modified_gmt":"2026-04-05T23:49:39","slug":"colombia","status":"publish","type":"product","link":"https:\/\/kausachuntours.com\/index.php\/product\/colombia\/","title":{"rendered":"Colombia"},"content":{"rendered":"<h3><strong>Tour por Colombia<\/strong><\/h3>\n<h4>Salida: <span style=\"color: #ff6600;\">Mayo<\/span><\/h4>\n<p>\ud83c\udf0d <strong>Un pa\u00eds lleno de colores, cultura y naturaleza<\/strong><\/p>\n<ul>\n<li><strong>Cartagena<\/strong>: Vive la magia de su ciudad amurallada, playas cristalinas y calles llenas de historia.<\/li>\n<li><strong>Bogot\u00e1<\/strong>: Descubre la imponente <strong>Catedral de Sal de Zipaquir\u00e1<\/strong>, el arte del <strong>Museo del Oro<\/strong> y el vibrante ambiente de la <strong>Candelaria<\/strong>.<\/li>\n<li><strong>Medell\u00edn<\/strong>: Conoce la innovadora &#8220;Ciudad de la Eterna Primavera&#8221; y disfruta del encanto del <strong>Pueblito Paisa<\/strong> y el <strong>Parque Arv\u00ed<\/strong>.<\/li>\n<li><strong>Eje Cafetero<\/strong>: Recorre plantaciones de caf\u00e9, visita Salento y marav\u00edllate con las imponentes palmas de cera del <strong>Valle del Cocora<\/strong>.<\/li>\n<li><strong>Amazonas<\/strong>: Experimenta la biodiversidad \u00fanica de la selva tropical.<\/li>\n<\/ul>\n<p>\u2728 <strong>Colombia: Una explosi\u00f3n de naturaleza, cultura y sabor.<\/strong><\/p>\n<div class=\"_df_book df-lite\" id=\"df_13726\"  _slug=\"inter-col-grup\" data-title=\"inter-col-grup\" wpoptions=\"true\" thumbtype=\"\" ><\/div><script class=\"df-shortcode-script\" nowprocket type=\"application\/javascript\">window.option_df_13726 = {\"outline\":[],\"autoEnableOutline\":\"false\",\"autoEnableThumbnail\":\"false\",\"overwritePDFOutline\":\"false\",\"direction\":\"1\",\"pageSize\":\"0\",\"source\":\"https:\\\/\\\/kausachuntours.com\\\/wp-content\\\/uploads\\\/2026\\\/04\\\/TOUR-COLOMBIA-MAYO-2026.pdf\",\"wpOptions\":\"true\"}; if(window.DFLIP && window.DFLIP.parseBooks){window.DFLIP.parseBooks();}<\/script>\n","protected":false},"excerpt":{"rendered":"<p>Tour por Colombia Salida: Mayo \ud83c\udf0d Un pa\u00eds lleno de colores, cultura y naturaleza Cartagena: Vive la magia de su ciudad amurallada, playas cristalinas y calles llenas de historia. Bogot\u00e1: Descubre la imponente Catedral de Sal de Zipaquir\u00e1, el arte del Museo del Oro y el vibrante ambiente de la Candelaria. Medell\u00edn: Conoce la innovadora&#8230;<\/p>\n","protected":false},"featured_media":13724,"comment_status":"closed","ping_status":"closed","template":"","meta":{"postBodyCss":"","postBodyMargin":[],"postBodyPadding":[],"postBodyBackground":{"backgroundType":"classic","gradient":""}},"product_brand":[],"product_cat":[133],"product_tag":[],"class_list":{"0":"post-10741","1":"product","2":"type-product","3":"status-publish","4":"has-post-thumbnail","6":"product_cat-internacional","8":"first","9":"outofstock","10":"virtual","11":"product-type-simple"},"_links":{"self":[{"href":"https:\/\/kausachuntours.com\/index.php\/wp-json\/wp\/v2\/product\/10741","targetHints":{"allow":["GET"]}}],"collection":[{"href":"https:\/\/kausachuntours.com\/index.php\/wp-json\/wp\/v2\/product"}],"about":[{"href":"https:\/\/kausachuntours.com\/index.php\/wp-json\/wp\/v2\/types\/product"}],"replies":[{"embeddable":true,"href":"https:\/\/kausachuntours.com\/index.php\/wp-json\/wp\/v2\/comments?post=10741"}],"wp:featuredmedia":[{"embeddable":true,"href":"https:\/\/kausachuntours.com\/index.php\/wp-json\/wp\/v2\/media\/13724"}],"wp:attachment":[{"href":"https:\/\/kausachuntours.com\/index.php\/wp-json\/wp\/v2\/media?parent=10741"}],"wp:term":[{"taxonomy":"product_brand","embeddable":true,"href":"https:\/\/kausachuntours.com\/index.php\/wp-json\/wp\/v2\/product_brand?post=10741"},{"taxonomy":"product_cat","embeddable":true,"href":"https:\/\/kausachuntours.com\/index.php\/wp-json\/wp\/v2\/product_cat?post=10741"},{"taxonomy":"product_tag","embeddable":true,"href":"https:\/\/kausachuntours.com\/index.php\/wp-json\/wp\/v2\/product_tag?post=10741"}],"curies":[{"name":"wp","href":"https:\/\/api.w.org\/{rel}","templated":true}]}}