{"id":10953,"date":"2025-02-10T11:34:38","date_gmt":"2025-02-10T16:34:38","guid":{"rendered":"https:\/\/kausachuntours.com\/?post_type=product&#038;p=10953"},"modified":"2026-04-05T20:47:52","modified_gmt":"2026-04-06T01:47:52","slug":"indochina","status":"publish","type":"product","link":"https:\/\/kausachuntours.com\/index.php\/product\/indochina\/","title":{"rendered":"Indochina"},"content":{"rendered":"<h3><strong>INDOCHINA<\/strong><\/h3>\n<h4>Salida: <span style=\"color: #ff6600;\">02 de Noviembre<\/span><\/h4>\n<p>\ud83c\udf0f UN DESTINO QUE TE SORPRENDER\u00c1 \ud83c\udf0f<\/p>\n<div class=\"elementor-element elementor-element-48a71674 elementor-widget elementor-widget-travolosectiontitle\" data-id=\"48a71674\" data-element_type=\"widget\" data-widget_type=\"travolosectiontitle.default\">\n<div class=\"elementor-widget-container\">\n<div class=\"title-area\">\n<p class=\"sec-text\">Indochina, una regi\u00f3n fascinante en el sudeste asi\u00e1tico, es un mosaico de culturas, paisajes y experiencias \u00fanicas que invitan a la exploraci\u00f3n. Compuesta por pa\u00edses como Vietnam, Camboya y Tailandia, Indochina ofrece un viaje a trav\u00e9s de antiguas civilizaciones, templos majestuosos, y paisajes naturales que quitan el aliento.<\/p>\n<\/div>\n<\/div>\n<\/div>\n<div class=\"elementor-element elementor-element-efd58dd elementor-widget elementor-widget-travolochecklist\" data-id=\"efd58dd\" data-element_type=\"widget\" data-widget_type=\"travolochecklist.default\">\n<div class=\"elementor-widget-container\">\n<p>\ud83d\udd39 Vive la magia de Oriente. \u00a1Reserva tu aventura ahora! \ud83d\udd39<\/p>\n<\/div>\n<\/div>\n<div class=\"_df_book df-lite\" id=\"df_10956\"  _slug=\"indochina\" data-title=\"indochina\" wpoptions=\"true\" thumbtype=\"\" ><\/div><script class=\"df-shortcode-script\" nowprocket type=\"application\/javascript\">window.option_df_10956 = {\"outline\":[],\"autoEnableOutline\":\"false\",\"autoEnableThumbnail\":\"false\",\"overwritePDFOutline\":\"false\",\"direction\":\"1\",\"pageSize\":\"0\",\"source\":\"https:\\\/\\\/kausachuntours.com\\\/wp-content\\\/uploads\\\/2026\\\/04\\\/TOUR-INDOCHINA-NOV-2026.pdf\",\"wpOptions\":\"true\"}; if(window.DFLIP && window.DFLIP.parseBooks){window.DFLIP.parseBooks();}<\/script>\n","protected":false},"excerpt":{"rendered":"<p>INDOCHINA Salida: 02 de Noviembre \ud83c\udf0f UN DESTINO QUE TE SORPRENDER\u00c1 \ud83c\udf0f Indochina, una regi\u00f3n fascinante en el sudeste asi\u00e1tico, es un mosaico de culturas, paisajes y experiencias \u00fanicas que invitan a la exploraci\u00f3n. Compuesta por pa\u00edses como Vietnam, Camboya y Tailandia, Indochina ofrece un viaje a trav\u00e9s de antiguas civilizaciones, templos majestuosos, y paisajes&#8230;<\/p>\n","protected":false},"featured_media":13799,"comment_status":"closed","ping_status":"closed","template":"","meta":{"postBodyCss":"","postBodyMargin":[],"postBodyPadding":[],"postBodyBackground":{"backgroundType":"classic","gradient":""}},"product_brand":[],"product_cat":[133],"product_tag":[],"class_list":{"0":"post-10953","1":"product","2":"type-product","3":"status-publish","4":"has-post-thumbnail","6":"product_cat-internacional","8":"first","9":"outofstock","10":"virtual","11":"product-type-simple"},"_links":{"self":[{"href":"https:\/\/kausachuntours.com\/index.php\/wp-json\/wp\/v2\/product\/10953","targetHints":{"allow":["GET"]}}],"collection":[{"href":"https:\/\/kausachuntours.com\/index.php\/wp-json\/wp\/v2\/product"}],"about":[{"href":"https:\/\/kausachuntours.com\/index.php\/wp-json\/wp\/v2\/types\/product"}],"replies":[{"embeddable":true,"href":"https:\/\/kausachuntours.com\/index.php\/wp-json\/wp\/v2\/comments?post=10953"}],"wp:featuredmedia":[{"embeddable":true,"href":"https:\/\/kausachuntours.com\/index.php\/wp-json\/wp\/v2\/media\/13799"}],"wp:attachment":[{"href":"https:\/\/kausachuntours.com\/index.php\/wp-json\/wp\/v2\/media?parent=10953"}],"wp:term":[{"taxonomy":"product_brand","embeddable":true,"href":"https:\/\/kausachuntours.com\/index.php\/wp-json\/wp\/v2\/product_brand?post=10953"},{"taxonomy":"product_cat","embeddable":true,"href":"https:\/\/kausachuntours.com\/index.php\/wp-json\/wp\/v2\/product_cat?post=10953"},{"taxonomy":"product_tag","embeddable":true,"href":"https:\/\/kausachuntours.com\/index.php\/wp-json\/wp\/v2\/product_tag?post=10953"}],"curies":[{"name":"wp","href":"https:\/\/api.w.org\/{rel}","templated":true}]}}