{"id":13741,"date":"2026-04-05T19:13:07","date_gmt":"2026-04-06T00:13:07","guid":{"rendered":"https:\/\/kausachuntours.com\/?post_type=product&#038;p=13741"},"modified":"2026-04-05T19:20:34","modified_gmt":"2026-04-06T00:20:34","slug":"europa-con-lourdes","status":"publish","type":"product","link":"https:\/\/kausachuntours.com\/index.php\/product\/europa-con-lourdes\/","title":{"rendered":"europa con lourdes"},"content":{"rendered":"<h3><strong>EUROPA CON LOURDES &amp; CRUCERO A BARCELONA<\/strong><\/h3>\n<h4>Salida: <span style=\"color: #ff6600;\">04 de Setiembre al 10 de setiembre<\/span><\/h4>\n<p data-start=\"0\" data-end=\"49\">\u2728 <strong data-start=\"2\" data-end=\"45\">Gran Ruta de Europa en un viaje inolvidable<\/strong> \u2728<\/p>\n<p>Descubre lo mejor de <strong>Europa<\/strong> en un recorrido inolvidable que inicia en Madrid y contin\u00faa por la elegante San Sebasti\u00e1n, hasta llegar al santuario de Lourdes.<\/p>\n<p>Explora el encanto del Valle del Loira en Blois y Orl\u00e9ans, y vive la magia de Par\u00eds. Contin\u00faa hacia Z\u00farich y Lucerna, disfrutando de paisajes alpinos \u00fanicos.<\/p>\n<p>En Italia, marav\u00edllate con Venecia, Florencia, As\u00eds y la hist\u00f3rica Roma, incluyendo un crucero panor\u00e1mico.<\/p>\n<p>Finaliza esta gran experiencia en Barcelona, combinando cultura, historia y paisajes en un solo viaje.<\/p>\n<p data-start=\"907\" data-end=\"985\" data-is-last-node=\"\">\ud83c\udf0d \u00a1Un viaje de ensue\u00f1o lleno de cultura, historia y paisajes inolvidables! \ud83c\udf1f<\/p>\n<div class=\"_df_book df-lite\" id=\"df_11007\"  _slug=\"europa_2\" data-title=\"europa\" wpoptions=\"true\" thumbtype=\"\" ><\/div><script class=\"df-shortcode-script\" nowprocket type=\"application\/javascript\">window.option_df_11007 = {\"outline\":[],\"autoEnableOutline\":\"false\",\"autoEnableThumbnail\":\"false\",\"overwritePDFOutline\":\"false\",\"direction\":\"1\",\"pageSize\":\"0\",\"source\":\"https:\\\/\\\/kausachuntours.com\\\/wp-content\\\/uploads\\\/2026\\\/04\\\/TOUR-EUROPA-CON-LOURDES-Y-CRUCERO-BARCELONA-SET-2026.pdf\",\"wpOptions\":\"true\"}; if(window.DFLIP && window.DFLIP.parseBooks){window.DFLIP.parseBooks();}<\/script>\n","protected":false},"excerpt":{"rendered":"<p>EUROPA CON LOURDES &amp; CRUCERO A BARCELONA Salida: 04 de Setiembre al 10 de setiembre \u2728 Gran Ruta de Europa en un viaje inolvidable \u2728 Descubre lo mejor de Europa en un recorrido inolvidable que inicia en Madrid y contin\u00faa por la elegante San Sebasti\u00e1n, hasta llegar al santuario de Lourdes. Explora el encanto del&#8230;<\/p>\n","protected":false},"featured_media":13743,"comment_status":"closed","ping_status":"closed","template":"","meta":{"postBodyCss":"","postBodyMargin":[],"postBodyPadding":[],"postBodyBackground":{"backgroundType":"classic","gradient":""}},"product_brand":[],"product_cat":[133],"product_tag":[],"class_list":{"0":"post-13741","1":"product","2":"type-product","3":"status-publish","4":"has-post-thumbnail","6":"product_cat-internacional","8":"first","9":"outofstock","10":"virtual","11":"product-type-simple"},"_links":{"self":[{"href":"https:\/\/kausachuntours.com\/index.php\/wp-json\/wp\/v2\/product\/13741","targetHints":{"allow":["GET"]}}],"collection":[{"href":"https:\/\/kausachuntours.com\/index.php\/wp-json\/wp\/v2\/product"}],"about":[{"href":"https:\/\/kausachuntours.com\/index.php\/wp-json\/wp\/v2\/types\/product"}],"replies":[{"embeddable":true,"href":"https:\/\/kausachuntours.com\/index.php\/wp-json\/wp\/v2\/comments?post=13741"}],"wp:featuredmedia":[{"embeddable":true,"href":"https:\/\/kausachuntours.com\/index.php\/wp-json\/wp\/v2\/media\/13743"}],"wp:attachment":[{"href":"https:\/\/kausachuntours.com\/index.php\/wp-json\/wp\/v2\/media?parent=13741"}],"wp:term":[{"taxonomy":"product_brand","embeddable":true,"href":"https:\/\/kausachuntours.com\/index.php\/wp-json\/wp\/v2\/product_brand?post=13741"},{"taxonomy":"product_cat","embeddable":true,"href":"https:\/\/kausachuntours.com\/index.php\/wp-json\/wp\/v2\/product_cat?post=13741"},{"taxonomy":"product_tag","embeddable":true,"href":"https:\/\/kausachuntours.com\/index.php\/wp-json\/wp\/v2\/product_tag?post=13741"}],"curies":[{"name":"wp","href":"https:\/\/api.w.org\/{rel}","templated":true}]}}