{"id":13755,"date":"2026-04-05T19:28:09","date_gmt":"2026-04-06T00:28:09","guid":{"rendered":"https:\/\/kausachuntours.com\/?post_type=product&#038;p=13755"},"modified":"2026-04-05T19:37:04","modified_gmt":"2026-04-06T00:37:04","slug":"japon-y-corea-del-sur","status":"publish","type":"product","link":"https:\/\/kausachuntours.com\/index.php\/product\/japon-y-corea-del-sur\/","title":{"rendered":"Jap\u00f3n y Corea del Sur"},"content":{"rendered":"<h3><strong>JAP\u00d3N &amp; COREA DEL SUR<\/strong><\/h3>\n<h4>Salida: <span style=\"color: #ff6600;\">05 de Setiembre<\/span><\/h4>\n<p data-start=\"0\" data-end=\"49\">\u2728 <strong data-start=\"2\" data-end=\"45\">Jap\u00f3n y Corea: Tradici\u00f3n, Cultura y Experiencias \u00danicas<\/strong>\u00a0\u2728<\/p>\n<p>Vive lo mejor de Jap\u00f3n y Corea del Sur en un viaje inolvidable que combina historia, modernidad y paisajes espectaculares.<\/p>\n<p>En Tokio, visita el Santuario Meiji, Akihabara y el Templo Sens\u014d-ji en Asakusa. Recorre Kamakura, la Isla de Enoshima y Nikk\u014d con el ic\u00f3nico Puente Shinkyo. Disfruta adem\u00e1s del majestuoso Monte Fuji y sus paisajes tradicionales.<\/p>\n<p>En Se\u00fal, descubre el Palacio Gyeongbokgung, el Museo Nacional del Folclore de Corea, el Templo Jogyesa y el Palacio Changdeokgung. Recorre el tradicional Barrio Insadong, visita la hermosa Isla Nami, la villa folcl\u00f3rica y la impactante Zona Desmilitarizada de Corea.<\/p>\n<p>Un viaje que fusiona templos milenarios, ciudades vibrantes y experiencias culturales inolvidables.<\/p>\n<div class=\"_df_book df-lite\" id=\"df_13757\"  _slug=\"japon-y-corea\" data-title=\"japon-y-corea\" wpoptions=\"true\" thumbtype=\"\" ><\/div><script class=\"df-shortcode-script\" nowprocket type=\"application\/javascript\">window.option_df_13757 = {\"outline\":[],\"autoEnableOutline\":\"false\",\"autoEnableThumbnail\":\"false\",\"overwritePDFOutline\":\"false\",\"direction\":\"1\",\"pageSize\":\"0\",\"source\":\"https:\\\/\\\/kausachuntours.com\\\/wp-content\\\/uploads\\\/2026\\\/04\\\/TOUR-JAPON-KOREA-SET-2026.pdf\",\"wpOptions\":\"true\"}; if(window.DFLIP && window.DFLIP.parseBooks){window.DFLIP.parseBooks();}<\/script>\n","protected":false},"excerpt":{"rendered":"<p>JAP\u00d3N &amp; COREA DEL SUR Salida: 05 de Setiembre \u2728 Jap\u00f3n y Corea: Tradici\u00f3n, Cultura y Experiencias \u00danicas\u00a0\u2728 Vive lo mejor de Jap\u00f3n y Corea del Sur en un viaje inolvidable que combina historia, modernidad y paisajes espectaculares. En Tokio, visita el Santuario Meiji, Akihabara y el Templo Sens\u014d-ji en Asakusa. Recorre Kamakura, la Isla&#8230;<\/p>\n","protected":false},"featured_media":13761,"comment_status":"closed","ping_status":"closed","template":"","meta":{"postBodyCss":"","postBodyMargin":[],"postBodyPadding":[],"postBodyBackground":{"backgroundType":"classic","gradient":""}},"product_brand":[],"product_cat":[133],"product_tag":[],"class_list":{"0":"post-13755","1":"product","2":"type-product","3":"status-publish","4":"has-post-thumbnail","6":"product_cat-internacional","8":"first","9":"outofstock","10":"virtual","11":"product-type-simple"},"_links":{"self":[{"href":"https:\/\/kausachuntours.com\/index.php\/wp-json\/wp\/v2\/product\/13755","targetHints":{"allow":["GET"]}}],"collection":[{"href":"https:\/\/kausachuntours.com\/index.php\/wp-json\/wp\/v2\/product"}],"about":[{"href":"https:\/\/kausachuntours.com\/index.php\/wp-json\/wp\/v2\/types\/product"}],"replies":[{"embeddable":true,"href":"https:\/\/kausachuntours.com\/index.php\/wp-json\/wp\/v2\/comments?post=13755"}],"wp:featuredmedia":[{"embeddable":true,"href":"https:\/\/kausachuntours.com\/index.php\/wp-json\/wp\/v2\/media\/13761"}],"wp:attachment":[{"href":"https:\/\/kausachuntours.com\/index.php\/wp-json\/wp\/v2\/media?parent=13755"}],"wp:term":[{"taxonomy":"product_brand","embeddable":true,"href":"https:\/\/kausachuntours.com\/index.php\/wp-json\/wp\/v2\/product_brand?post=13755"},{"taxonomy":"product_cat","embeddable":true,"href":"https:\/\/kausachuntours.com\/index.php\/wp-json\/wp\/v2\/product_cat?post=13755"},{"taxonomy":"product_tag","embeddable":true,"href":"https:\/\/kausachuntours.com\/index.php\/wp-json\/wp\/v2\/product_tag?post=13755"}],"curies":[{"name":"wp","href":"https:\/\/api.w.org\/{rel}","templated":true}]}}