{"id":13787,"date":"2026-04-05T20:05:08","date_gmt":"2026-04-06T01:05:08","guid":{"rendered":"https:\/\/kausachuntours.com\/?post_type=product&#038;p=13787"},"modified":"2026-04-05T20:34:38","modified_gmt":"2026-04-06T01:34:38","slug":"tierra-santa","status":"publish","type":"product","link":"https:\/\/kausachuntours.com\/index.php\/product\/tierra-santa\/","title":{"rendered":"Tierra Santa"},"content":{"rendered":"<h3><strong>TIERRA SANTA<\/strong><\/h3>\n<h4>Salida: <span style=\"color: #ff6600;\">17 de Octubre<\/span><\/h4>\n<p data-start=\"0\" data-end=\"49\"><strong>\ud83d\udd4c Tierra Santa: Egipto, Jordania e Israel<\/strong><\/p>\n<p>Emb\u00e1rcate en un viaje espiritual e hist\u00f3rico por Egipto, Jordania y Israel, recorriendo algunos de los destinos m\u00e1s emblem\u00e1ticos del mundo.<\/p>\n<p>Descubre las majestuosas pir\u00e1mides en El Cairo, marav\u00edllate con la ciudad esculpida en roca de Petra y vive una experiencia \u00fanica flotando en el Mar Muerto.<\/p>\n<p>Contin\u00faa hacia Jerusal\u00e9n, centro de fe y espiritualidad, y recorre lugares sagrados llenos de historia y significado.<\/p>\n<p>Un viaje que conecta cultura, religi\u00f3n y paisajes milenarios en una experiencia inolvidable.<\/p>\n<div class=\"_df_book df-lite\" id=\"df_13790\"  _slug=\"tierra-santa\" data-title=\"tierra-santa\" wpoptions=\"true\" thumbtype=\"\" ><\/div><script class=\"df-shortcode-script\" nowprocket type=\"application\/javascript\">window.option_df_13790 = {\"outline\":[],\"autoEnableOutline\":\"false\",\"autoEnableThumbnail\":\"false\",\"overwritePDFOutline\":\"false\",\"direction\":\"1\",\"pageSize\":\"0\",\"source\":\"https:\\\/\\\/kausachuntours.com\\\/wp-content\\\/uploads\\\/2026\\\/04\\\/TOUR-TIERRA-SANTA-OCT-2026.pdf\",\"wpOptions\":\"true\"}; if(window.DFLIP && window.DFLIP.parseBooks){window.DFLIP.parseBooks();}<\/script>\n","protected":false},"excerpt":{"rendered":"<p>TIERRA SANTA Salida: 17 de Octubre \ud83d\udd4c Tierra Santa: Egipto, Jordania e Israel Emb\u00e1rcate en un viaje espiritual e hist\u00f3rico por Egipto, Jordania y Israel, recorriendo algunos de los destinos m\u00e1s emblem\u00e1ticos del mundo. Descubre las majestuosas pir\u00e1mides en El Cairo, marav\u00edllate con la ciudad esculpida en roca de Petra y vive una experiencia \u00fanica&#8230;<\/p>\n","protected":false},"featured_media":13788,"comment_status":"closed","ping_status":"closed","template":"","meta":{"postBodyCss":"","postBodyMargin":[],"postBodyPadding":[],"postBodyBackground":{"backgroundType":"classic","gradient":""}},"product_brand":[],"product_cat":[133],"product_tag":[],"class_list":{"0":"post-13787","1":"product","2":"type-product","3":"status-publish","4":"has-post-thumbnail","6":"product_cat-internacional","8":"first","9":"outofstock","10":"virtual","11":"product-type-simple"},"_links":{"self":[{"href":"https:\/\/kausachuntours.com\/index.php\/wp-json\/wp\/v2\/product\/13787","targetHints":{"allow":["GET"]}}],"collection":[{"href":"https:\/\/kausachuntours.com\/index.php\/wp-json\/wp\/v2\/product"}],"about":[{"href":"https:\/\/kausachuntours.com\/index.php\/wp-json\/wp\/v2\/types\/product"}],"replies":[{"embeddable":true,"href":"https:\/\/kausachuntours.com\/index.php\/wp-json\/wp\/v2\/comments?post=13787"}],"wp:featuredmedia":[{"embeddable":true,"href":"https:\/\/kausachuntours.com\/index.php\/wp-json\/wp\/v2\/media\/13788"}],"wp:attachment":[{"href":"https:\/\/kausachuntours.com\/index.php\/wp-json\/wp\/v2\/media?parent=13787"}],"wp:term":[{"taxonomy":"product_brand","embeddable":true,"href":"https:\/\/kausachuntours.com\/index.php\/wp-json\/wp\/v2\/product_brand?post=13787"},{"taxonomy":"product_cat","embeddable":true,"href":"https:\/\/kausachuntours.com\/index.php\/wp-json\/wp\/v2\/product_cat?post=13787"},{"taxonomy":"product_tag","embeddable":true,"href":"https:\/\/kausachuntours.com\/index.php\/wp-json\/wp\/v2\/product_tag?post=13787"}],"curies":[{"name":"wp","href":"https:\/\/api.w.org\/{rel}","templated":true}]}}