{"id":13793,"date":"2026-04-05T20:35:30","date_gmt":"2026-04-06T01:35:30","guid":{"rendered":"https:\/\/kausachuntours.com\/?post_type=product&#038;p=13793"},"modified":"2026-04-05T20:42:47","modified_gmt":"2026-04-06T01:42:47","slug":"espana-portugal-marruecos","status":"publish","type":"product","link":"https:\/\/kausachuntours.com\/index.php\/product\/espana-portugal-marruecos\/","title":{"rendered":"Espa\u00f1a &#8211; Portugal  &#8211; Marruecos"},"content":{"rendered":"<h3><strong>ESPA\u00d1A &#8211; PORTUGAL\u00a0 &#8211; MARRUECOS<\/strong><\/h3>\n<h4>Salida: <span style=\"color: #ff6600;\">18 de Octubre<\/span><\/h4>\n<p data-start=\"0\" data-end=\"49\"><strong>\ud83c\udf0d Espa\u00f1a, Portugal y Marruecos:\u00a0 Culturas que Conectan<\/strong><\/p>\n<p>Vive un fascinante recorrido por Espa\u00f1a, Portugal y Marruecos, donde la historia, la fe y la diversidad cultural se entrelazan.<\/p>\n<p>Inicia en Madrid y recorre joyas hist\u00f3ricas como Trujillo, C\u00e1ceres, Sevilla, C\u00f3rdoba, Ronda y la hermosa Costa del Sol. Cruza a Lisboa y visita el santuario de F\u00e1tima.<\/p>\n<p>Contin\u00faa hacia Marruecos explorando T\u00e1nger, Casablanca, Marrakech, Rabat y Fez, descubriendo su ex\u00f3tica cultura y tradiciones.<\/p>\n<p>Finaliza en Granada y Toledo antes de regresar a Madrid.<\/p>\n<p>Un viaje \u00fanico que une<strong> Europa y \u00c1frica<\/strong> en una experiencia llena de historia, arquitectura y contrastes culturales.<\/p>\n<div class=\"_df_book df-lite\" id=\"df_13794\"  _slug=\"esp-por-mar\" data-title=\"esp-por-mar\" wpoptions=\"true\" thumbtype=\"\" ><\/div><script class=\"df-shortcode-script\" nowprocket type=\"application\/javascript\">window.option_df_13794 = {\"outline\":[],\"autoEnableOutline\":\"false\",\"autoEnableThumbnail\":\"false\",\"overwritePDFOutline\":\"false\",\"direction\":\"1\",\"pageSize\":\"0\",\"source\":\"https:\\\/\\\/kausachuntours.com\\\/wp-content\\\/uploads\\\/2026\\\/04\\\/TOUR-ESPANA-PORTUGAL-Y-MARRUECOS-OCT-2026.pdf\",\"wpOptions\":\"true\"}; if(window.DFLIP && window.DFLIP.parseBooks){window.DFLIP.parseBooks();}<\/script>\n","protected":false},"excerpt":{"rendered":"<p>ESPA\u00d1A &#8211; PORTUGAL\u00a0 &#8211; MARRUECOS Salida: 18 de Octubre \ud83c\udf0d Espa\u00f1a, Portugal y Marruecos:\u00a0 Culturas que Conectan Vive un fascinante recorrido por Espa\u00f1a, Portugal y Marruecos, donde la historia, la fe y la diversidad cultural se entrelazan. Inicia en Madrid y recorre joyas hist\u00f3ricas como Trujillo, C\u00e1ceres, Sevilla, C\u00f3rdoba, Ronda y la hermosa Costa del&#8230;<\/p>\n","protected":false},"featured_media":13795,"comment_status":"closed","ping_status":"closed","template":"","meta":{"postBodyCss":"","postBodyMargin":[],"postBodyPadding":[],"postBodyBackground":{"backgroundType":"classic","gradient":""}},"product_brand":[],"product_cat":[133],"product_tag":[],"class_list":{"0":"post-13793","1":"product","2":"type-product","3":"status-publish","4":"has-post-thumbnail","6":"product_cat-internacional","8":"first","9":"outofstock","10":"virtual","11":"product-type-simple"},"_links":{"self":[{"href":"https:\/\/kausachuntours.com\/index.php\/wp-json\/wp\/v2\/product\/13793","targetHints":{"allow":["GET"]}}],"collection":[{"href":"https:\/\/kausachuntours.com\/index.php\/wp-json\/wp\/v2\/product"}],"about":[{"href":"https:\/\/kausachuntours.com\/index.php\/wp-json\/wp\/v2\/types\/product"}],"replies":[{"embeddable":true,"href":"https:\/\/kausachuntours.com\/index.php\/wp-json\/wp\/v2\/comments?post=13793"}],"wp:featuredmedia":[{"embeddable":true,"href":"https:\/\/kausachuntours.com\/index.php\/wp-json\/wp\/v2\/media\/13795"}],"wp:attachment":[{"href":"https:\/\/kausachuntours.com\/index.php\/wp-json\/wp\/v2\/media?parent=13793"}],"wp:term":[{"taxonomy":"product_brand","embeddable":true,"href":"https:\/\/kausachuntours.com\/index.php\/wp-json\/wp\/v2\/product_brand?post=13793"},{"taxonomy":"product_cat","embeddable":true,"href":"https:\/\/kausachuntours.com\/index.php\/wp-json\/wp\/v2\/product_cat?post=13793"},{"taxonomy":"product_tag","embeddable":true,"href":"https:\/\/kausachuntours.com\/index.php\/wp-json\/wp\/v2\/product_tag?post=13793"}],"curies":[{"name":"wp","href":"https:\/\/api.w.org\/{rel}","templated":true}]}}