{"id":13808,"date":"2026-04-05T20:54:29","date_gmt":"2026-04-06T01:54:29","guid":{"rendered":"https:\/\/kausachuntours.com\/?post_type=product&#038;p=13808"},"modified":"2026-04-05T21:00:46","modified_gmt":"2026-04-06T02:00:46","slug":"maravillas-de-sudamerica-2","status":"publish","type":"product","link":"https:\/\/kausachuntours.com\/index.php\/product\/maravillas-de-sudamerica-2\/","title":{"rendered":"Maravillas de Sudam\u00e9rica"},"content":{"rendered":"<h3><strong>MARAVILLAS DE SUDAM\u00c9RICA<\/strong><\/h3>\n<h4>Salida: <span style=\"color: #ff6600;\">05 de Noviembre<\/span><\/h4>\n<p data-start=\"0\" data-end=\"49\"><strong>\ud83c\udf0e Maravillas de Sudam\u00e9rica: Naturaleza y Cultura Viva<\/strong><\/p>\n<p>Descubre lo mejor de Argentina, Uruguay, Brasil y Paraguay en un viaje lleno de contrastes y experiencias \u00fanicas.<\/p>\n<p>Recorre la elegante Buenos Aires, disfruta del encanto de Montevideo y d\u00e9jate sorprender por la energ\u00eda de R\u00edo de Janeiro.<\/p>\n<p>Vive la majestuosidad de las Cataratas del Iguaz\u00fa y explora la cultura aut\u00e9ntica de Asunci\u00f3n.<\/p>\n<p>Un recorrido que combina naturaleza imponente, ciudades vibrantes y la esencia \u00fanica del sur del continente.<\/p>\n<div class=\"_df_book df-lite\" id=\"df_13809\"  _slug=\"marav-sudamer\" data-title=\"marav-sudamer\" wpoptions=\"true\" thumbtype=\"\" ><\/div><script class=\"df-shortcode-script\" nowprocket type=\"application\/javascript\">window.option_df_13809 = {\"outline\":[],\"autoEnableOutline\":\"false\",\"autoEnableThumbnail\":\"false\",\"overwritePDFOutline\":\"false\",\"direction\":\"1\",\"pageSize\":\"0\",\"source\":\"https:\\\/\\\/kausachuntours.com\\\/wp-content\\\/uploads\\\/2026\\\/04\\\/TOUR-MARAVILLAS-DE-SUDAMERICA-NOV-2026.pdf\",\"wpOptions\":\"true\"}; if(window.DFLIP && window.DFLIP.parseBooks){window.DFLIP.parseBooks();}<\/script>\n","protected":false},"excerpt":{"rendered":"<p>MARAVILLAS DE SUDAM\u00c9RICA Salida: 05 de Noviembre \ud83c\udf0e Maravillas de Sudam\u00e9rica: Naturaleza y Cultura Viva Descubre lo mejor de Argentina, Uruguay, Brasil y Paraguay en un viaje lleno de contrastes y experiencias \u00fanicas. Recorre la elegante Buenos Aires, disfruta del encanto de Montevideo y d\u00e9jate sorprender por la energ\u00eda de R\u00edo de Janeiro. Vive la&#8230;<\/p>\n","protected":false},"featured_media":13812,"comment_status":"closed","ping_status":"closed","template":"","meta":{"postBodyCss":"","postBodyMargin":[],"postBodyPadding":[],"postBodyBackground":{"backgroundType":"classic","gradient":""}},"product_brand":[],"product_cat":[133],"product_tag":[],"class_list":{"0":"post-13808","1":"product","2":"type-product","3":"status-publish","4":"has-post-thumbnail","6":"product_cat-internacional","8":"first","9":"outofstock","10":"virtual","11":"product-type-simple"},"_links":{"self":[{"href":"https:\/\/kausachuntours.com\/index.php\/wp-json\/wp\/v2\/product\/13808","targetHints":{"allow":["GET"]}}],"collection":[{"href":"https:\/\/kausachuntours.com\/index.php\/wp-json\/wp\/v2\/product"}],"about":[{"href":"https:\/\/kausachuntours.com\/index.php\/wp-json\/wp\/v2\/types\/product"}],"replies":[{"embeddable":true,"href":"https:\/\/kausachuntours.com\/index.php\/wp-json\/wp\/v2\/comments?post=13808"}],"wp:featuredmedia":[{"embeddable":true,"href":"https:\/\/kausachuntours.com\/index.php\/wp-json\/wp\/v2\/media\/13812"}],"wp:attachment":[{"href":"https:\/\/kausachuntours.com\/index.php\/wp-json\/wp\/v2\/media?parent=13808"}],"wp:term":[{"taxonomy":"product_brand","embeddable":true,"href":"https:\/\/kausachuntours.com\/index.php\/wp-json\/wp\/v2\/product_brand?post=13808"},{"taxonomy":"product_cat","embeddable":true,"href":"https:\/\/kausachuntours.com\/index.php\/wp-json\/wp\/v2\/product_cat?post=13808"},{"taxonomy":"product_tag","embeddable":true,"href":"https:\/\/kausachuntours.com\/index.php\/wp-json\/wp\/v2\/product_tag?post=13808"}],"curies":[{"name":"wp","href":"https:\/\/api.w.org\/{rel}","templated":true}]}}